{"id":83,"date":"2025-06-12T08:34:08","date_gmt":"2025-06-12T08:34:08","guid":{"rendered":"https:\/\/latelierkhadypastry.fr\/produit\/round-pendant-lamp\/"},"modified":"2026-03-25T11:40:09","modified_gmt":"2026-03-25T11:40:09","slug":"cookies-chocolat-blanc","status":"publish","type":"product","link":"https:\/\/latelierkhadypastry.fr\/en\/product\/cookies-chocolat-blanc\/","title":{"rendered":"White Chocolat Cookies"},"content":{"rendered":"<p>Un cookie doux et lumineux, o\u00f9 le chocolat blanc devient roi. Ce biscuit g\u00e9n\u00e9reux de 80 g offre un c\u0153ur fondant, parsem\u00e9 de p\u00e9pites de chocolat blanc qui fondent d\u00e9licatement \u00e0 chaque bouch\u00e9e. La vanille naturelle vient sublimer l\u2019ensemble, apportant une douceur d\u00e9licate, presque a\u00e9rienne. Pr\u00e9par\u00e9s avec soin dans mon atelier \u00e0 Paris, ces cookies sont une caresse gourmande, un \u00e9quilibre parfait entre douceur et fondant. Une invitation \u00e0 savourer un instant de r\u00e9confort, seul ou \u00e0 partager, pour un moment de pur bonheur.<\/p>","protected":false},"excerpt":{"rendered":"<p>Once upon a time\u2026 there was a cookie born from a love of chocolate and homemade goodness.<br \/>\nThis generous 80g cookie is soft-baked, perfectly golden, and filled with melty milk chocolate, delicate natural vanilla, and just a hint of sea salt \u2014 the magic touch that brings it all together.<\/p>\n<p>Crafted in my Paris pastry studio, it\u2019s designed as a sweet pause, a comforting treat, a quiet moment just for you.<br \/>\nBaked with care using simple, honest ingredients:<br \/>\n\u2728 White chocolate<br \/>\n\u2728 Fresh butter<br \/>\n\u2728 Flour<br \/>\n\u2728 Sugar<br \/>\n\u2728 Eggs<br \/>\n\u2728 Natural vanilla<br \/>\n\u2728 A pinch of salt<\/p>\n<p>\ud83d\udc49 This cookie is an invitation to dream, to indulge in a moment of comfort, whether shared or selfishly savored.<\/p>","protected":false},"featured_media":3619,"template":"","meta":{"_uag_custom_page_level_css":"","site-sidebar-layout":"default","site-content-layout":"default","ast-site-content-layout":"default","site-content-style":"default","site-sidebar-style":"default","ast-global-header-display":"","ast-banner-title-visibility":"","ast-main-header-display":"","ast-hfb-above-header-display":"","ast-hfb-below-header-display":"","ast-hfb-mobile-header-display":"","site-post-title":"","ast-breadcrumbs-content":"","ast-featured-img":"","footer-sml-layout":"","theme-transparent-header-meta":"default","adv-header-id-meta":"","stick-header-meta":"","header-above-stick-meta":"","header-main-stick-meta":"","header-below-stick-meta":"","astra-migrate-meta-layouts":"set","ast-page-background-enabled":"default","ast-page-background-meta":{"desktop":{"background-color":"var(--ast-global-color-4)","background-image":"","background-repeat":"repeat","background-position":"center center","background-size":"auto","background-attachment":"scroll","background-type":"","background-media":"","overlay-type":"","overlay-color":"","overlay-opacity":"","overlay-gradient":""},"tablet":{"background-color":"","background-image":"","background-repeat":"repeat","background-position":"center center","background-size":"auto","background-attachment":"scroll","background-type":"","background-media":"","overlay-type":"","overlay-color":"","overlay-opacity":"","overlay-gradient":""},"mobile":{"background-color":"","background-image":"","background-repeat":"repeat","background-position":"center center","background-size":"auto","background-attachment":"scroll","background-type":"","background-media":"","overlay-type":"","overlay-color":"","overlay-opacity":"","overlay-gradient":""}},"ast-content-background-meta":{"desktop":{"background-color":"var(--ast-global-color-5)","background-image":"","background-repeat":"repeat","background-position":"center center","background-size":"auto","background-attachment":"scroll","background-type":"","background-media":"","overlay-type":"","overlay-color":"","overlay-opacity":"","overlay-gradient":""},"tablet":{"background-color":"var(--ast-global-color-5)","background-image":"","background-repeat":"repeat","background-position":"center center","background-size":"auto","background-attachment":"scroll","background-type":"","background-media":"","overlay-type":"","overlay-color":"","overlay-opacity":"","overlay-gradient":""},"mobile":{"background-color":"var(--ast-global-color-5)","background-image":"","background-repeat":"repeat","background-position":"center center","background-size":"auto","background-attachment":"scroll","background-type":"","background-media":"","overlay-type":"","overlay-color":"","overlay-opacity":"","overlay-gradient":""}}},"product_brand":[],"product_cat":[17,16],"product_tag":[],"class_list":{"0":"post-83","1":"product","2":"type-product","3":"status-publish","4":"has-post-thumbnail","6":"product_cat-cookies-a-lunite","7":"product_cat-tous-nos-produits","8":"desktop-align-center","9":"tablet-align-left","10":"mobile-align-left","12":"first","13":"instock","14":"shipping-taxable","15":"purchasable","16":"product-type-variable","17":"wpzoom-wc-spi-has-enabled"},"uagb_featured_image_src":{"full":["https:\/\/latelierkhadypastry.fr\/wp-content\/uploads\/2025\/07\/Radija_Patisserie_RaveFrancois_Insta-16-copie.webp",600,600,false],"thumbnail":["https:\/\/latelierkhadypastry.fr\/wp-content\/uploads\/2025\/07\/Radija_Patisserie_RaveFrancois_Insta-16-copie-150x150.webp",150,150,true],"medium":["https:\/\/latelierkhadypastry.fr\/wp-content\/uploads\/2025\/07\/Radija_Patisserie_RaveFrancois_Insta-16-copie-300x300.webp",300,300,true],"medium_large":["https:\/\/latelierkhadypastry.fr\/wp-content\/uploads\/2025\/07\/Radija_Patisserie_RaveFrancois_Insta-16-copie.webp",600,600,false],"large":["https:\/\/latelierkhadypastry.fr\/wp-content\/uploads\/2025\/07\/Radija_Patisserie_RaveFrancois_Insta-16-copie.webp",600,600,false],"1536x1536":["https:\/\/latelierkhadypastry.fr\/wp-content\/uploads\/2025\/07\/Radija_Patisserie_RaveFrancois_Insta-16-copie.webp",600,600,false],"2048x2048":["https:\/\/latelierkhadypastry.fr\/wp-content\/uploads\/2025\/07\/Radija_Patisserie_RaveFrancois_Insta-16-copie.webp",600,600,false],"trp-custom-language-flag":["https:\/\/latelierkhadypastry.fr\/wp-content\/uploads\/2025\/07\/Radija_Patisserie_RaveFrancois_Insta-16-copie-12x12.webp",12,12,true],"depicter-thumbnail":["https:\/\/latelierkhadypastry.fr\/wp-content\/uploads\/2025\/07\/Radija_Patisserie_RaveFrancois_Insta-16-copie-200x200.webp",200,200,true],"woocommerce_thumbnail":["https:\/\/latelierkhadypastry.fr\/wp-content\/uploads\/2025\/07\/Radija_Patisserie_RaveFrancois_Insta-16-copie-300x300.webp",300,300,true],"woocommerce_single":["https:\/\/latelierkhadypastry.fr\/wp-content\/uploads\/2025\/07\/Radija_Patisserie_RaveFrancois_Insta-16-copie.webp",600,600,false],"woocommerce_gallery_thumbnail":["https:\/\/latelierkhadypastry.fr\/wp-content\/uploads\/2025\/07\/Radija_Patisserie_RaveFrancois_Insta-16-copie-100x100.webp",100,100,true]},"uagb_author_info":{"display_name":"khadypastry@gmail.com","author_link":"https:\/\/latelierkhadypastry.fr\/en\/author\/"},"uagb_comment_info":0,"uagb_excerpt":"Il \u00e9tait une fois\u2026 un cookie n\u00e9 de l\u2019amour du chocolat et des douceurs faites maison. Un biscuit g\u00e9n\u00e9reux de 80 g, moelleux \u00e0 c\u0153ur, dor\u00e9 \u00e0 souhait, o\u00f9 chaque bouch\u00e9e r\u00e9v\u00e8le un d\u00e9licieux chocolat au lait fondant, une vanille naturelle subtile, et cette pointe de sel qui fait toute la magie. Dans mon atelier,&hellip;","_links":{"self":[{"href":"https:\/\/latelierkhadypastry.fr\/en\/wp-json\/wp\/v2\/product\/83","targetHints":{"allow":["GET"]}}],"collection":[{"href":"https:\/\/latelierkhadypastry.fr\/en\/wp-json\/wp\/v2\/product"}],"about":[{"href":"https:\/\/latelierkhadypastry.fr\/en\/wp-json\/wp\/v2\/types\/product"}],"version-history":[{"count":8,"href":"https:\/\/latelierkhadypastry.fr\/en\/wp-json\/wp\/v2\/product\/83\/revisions"}],"predecessor-version":[{"id":4139,"href":"https:\/\/latelierkhadypastry.fr\/en\/wp-json\/wp\/v2\/product\/83\/revisions\/4139"}],"wp:featuredmedia":[{"embeddable":true,"href":"https:\/\/latelierkhadypastry.fr\/en\/wp-json\/wp\/v2\/media\/3619"}],"wp:attachment":[{"href":"https:\/\/latelierkhadypastry.fr\/en\/wp-json\/wp\/v2\/media?parent=83"}],"wp:term":[{"taxonomy":"product_brand","embeddable":true,"href":"https:\/\/latelierkhadypastry.fr\/en\/wp-json\/wp\/v2\/product_brand?post=83"},{"taxonomy":"product_cat","embeddable":true,"href":"https:\/\/latelierkhadypastry.fr\/en\/wp-json\/wp\/v2\/product_cat?post=83"},{"taxonomy":"product_tag","embeddable":true,"href":"https:\/\/latelierkhadypastry.fr\/en\/wp-json\/wp\/v2\/product_tag?post=83"}],"curies":[{"name":"wp","href":"https:\/\/api.w.org\/{rel}","templated":true}]}}