{"id":89,"date":"2025-06-12T08:34:08","date_gmt":"2025-06-12T08:34:08","guid":{"rendered":"https:\/\/latelierkhadypastry.fr\/produit\/gaungzhou-vase\/"},"modified":"2026-03-25T11:27:30","modified_gmt":"2026-03-25T11:27:30","slug":"cookies-red-velvet","status":"publish","type":"product","link":"https:\/\/latelierkhadypastry.fr\/en\/product\/cookies-red-velvet\/","title":{"rendered":"Cookies red velvet"},"content":{"rendered":"<p>Un cookie inspir\u00e9 du c\u00e9l\u00e8bre Red Velvet, aussi s\u00e9duisant que gourmand. Chaque bouch\u00e9e, avec sa robe rouge vibrante, d\u00e9voile un c\u0153ur moelleux, sublim\u00e9 par le chocolat blanc onctueux et une guimauve fondante. Inspir\u00e9 par la douceur et l\u2019\u00e9l\u00e9gance, ce cookie de 80 g offre un \u00e9quilibre parfait entre vanille, douceur et gourmandise. Pr\u00e9par\u00e9s avec amour dans mon atelier parisien, ces cookies sont une ode \u00e0 la douceur, une bouch\u00e9e qui ravit les sens, un moment de po\u00e9sie \u00e0 partager ou \u00e0 savourer en secret.<\/p>","protected":false},"excerpt":{"rendered":"<p>Once upon a time... there was a cookie unlike any other, as beautiful as it is delicious, with a deep red hue and a soft, gooey center.<br \/>\nInspired by the iconic Red Velvet cake, this generous 80g cookie brings together creamy white chocolate, a melty marshmallow heart, and a touch of natural vanilla for the perfect finishing note.<\/p>\n<p>Naturally colored with a vibrant red tone, this handcrafted cookie is a love letter to indulgence, one warm, sweet bite at a time.<\/p>\n<p>Carefully made in my Paris workshop with thoughtfully chosen ingredients:<br \/>\n\u2728 White chocolate<br \/>\n\u2728 Guimauve<br \/>\n\u2728 Fresh butter<br \/>\n\u2728 Flour<br \/>\n\u2728 Sugar<br \/>\n\u2728 Eggs<br \/>\n\u2728 Natural vanilla<br \/>\n\u2728 Colorant rouge alimentaire<br \/>\n\u2728 A pinch of salt<\/p>\n<p>\ud83d\udc49 A poetic and decadent creation, perfect for a tender moment, whether shared\u2026 or secretly kept all to yourself.<\/p>","protected":false},"featured_media":3607,"template":"","meta":{"_uag_custom_page_level_css":"","site-sidebar-layout":"default","site-content-layout":"default","ast-site-content-layout":"default","site-content-style":"default","site-sidebar-style":"default","ast-global-header-display":"","ast-banner-title-visibility":"","ast-main-header-display":"","ast-hfb-above-header-display":"","ast-hfb-below-header-display":"","ast-hfb-mobile-header-display":"","site-post-title":"","ast-breadcrumbs-content":"","ast-featured-img":"","footer-sml-layout":"","theme-transparent-header-meta":"default","adv-header-id-meta":"","stick-header-meta":"","header-above-stick-meta":"","header-main-stick-meta":"","header-below-stick-meta":"","astra-migrate-meta-layouts":"set","ast-page-background-enabled":"default","ast-page-background-meta":{"desktop":{"background-color":"var(--ast-global-color-4)","background-image":"","background-repeat":"repeat","background-position":"center center","background-size":"auto","background-attachment":"scroll","background-type":"","background-media":"","overlay-type":"","overlay-color":"","overlay-opacity":"","overlay-gradient":""},"tablet":{"background-color":"","background-image":"","background-repeat":"repeat","background-position":"center center","background-size":"auto","background-attachment":"scroll","background-type":"","background-media":"","overlay-type":"","overlay-color":"","overlay-opacity":"","overlay-gradient":""},"mobile":{"background-color":"","background-image":"","background-repeat":"repeat","background-position":"center center","background-size":"auto","background-attachment":"scroll","background-type":"","background-media":"","overlay-type":"","overlay-color":"","overlay-opacity":"","overlay-gradient":""}},"ast-content-background-meta":{"desktop":{"background-color":"var(--ast-global-color-5)","background-image":"","background-repeat":"repeat","background-position":"center center","background-size":"auto","background-attachment":"scroll","background-type":"","background-media":"","overlay-type":"","overlay-color":"","overlay-opacity":"","overlay-gradient":""},"tablet":{"background-color":"var(--ast-global-color-5)","background-image":"","background-repeat":"repeat","background-position":"center center","background-size":"auto","background-attachment":"scroll","background-type":"","background-media":"","overlay-type":"","overlay-color":"","overlay-opacity":"","overlay-gradient":""},"mobile":{"background-color":"var(--ast-global-color-5)","background-image":"","background-repeat":"repeat","background-position":"center center","background-size":"auto","background-attachment":"scroll","background-type":"","background-media":"","overlay-type":"","overlay-color":"","overlay-opacity":"","overlay-gradient":""}}},"product_brand":[],"product_cat":[17,16],"product_tag":[],"class_list":{"0":"post-89","1":"product","2":"type-product","3":"status-publish","4":"has-post-thumbnail","6":"product_cat-cookies-a-lunite","7":"product_cat-tous-nos-produits","8":"desktop-align-center","9":"tablet-align-left","10":"mobile-align-left","12":"first","13":"instock","14":"shipping-taxable","15":"purchasable","16":"product-type-variable","17":"wpzoom-wc-spi-has-enabled"},"uagb_featured_image_src":{"full":["https:\/\/latelierkhadypastry.fr\/wp-content\/uploads\/2025\/07\/Radija_Patisserie_RaveFrancois_Insta-4-copie.webp",600,600,false],"thumbnail":["https:\/\/latelierkhadypastry.fr\/wp-content\/uploads\/2025\/07\/Radija_Patisserie_RaveFrancois_Insta-4-copie-150x150.webp",150,150,true],"medium":["https:\/\/latelierkhadypastry.fr\/wp-content\/uploads\/2025\/07\/Radija_Patisserie_RaveFrancois_Insta-4-copie-300x300.webp",300,300,true],"medium_large":["https:\/\/latelierkhadypastry.fr\/wp-content\/uploads\/2025\/07\/Radija_Patisserie_RaveFrancois_Insta-4-copie.webp",600,600,false],"large":["https:\/\/latelierkhadypastry.fr\/wp-content\/uploads\/2025\/07\/Radija_Patisserie_RaveFrancois_Insta-4-copie.webp",600,600,false],"1536x1536":["https:\/\/latelierkhadypastry.fr\/wp-content\/uploads\/2025\/07\/Radija_Patisserie_RaveFrancois_Insta-4-copie.webp",600,600,false],"2048x2048":["https:\/\/latelierkhadypastry.fr\/wp-content\/uploads\/2025\/07\/Radija_Patisserie_RaveFrancois_Insta-4-copie.webp",600,600,false],"trp-custom-language-flag":["https:\/\/latelierkhadypastry.fr\/wp-content\/uploads\/2025\/07\/Radija_Patisserie_RaveFrancois_Insta-4-copie-12x12.webp",12,12,true],"depicter-thumbnail":["https:\/\/latelierkhadypastry.fr\/wp-content\/uploads\/2025\/07\/Radija_Patisserie_RaveFrancois_Insta-4-copie-200x200.webp",200,200,true],"woocommerce_thumbnail":["https:\/\/latelierkhadypastry.fr\/wp-content\/uploads\/2025\/07\/Radija_Patisserie_RaveFrancois_Insta-4-copie-300x300.webp",300,300,true],"woocommerce_single":["https:\/\/latelierkhadypastry.fr\/wp-content\/uploads\/2025\/07\/Radija_Patisserie_RaveFrancois_Insta-4-copie.webp",600,600,false],"woocommerce_gallery_thumbnail":["https:\/\/latelierkhadypastry.fr\/wp-content\/uploads\/2025\/07\/Radija_Patisserie_RaveFrancois_Insta-4-copie-100x100.webp",100,100,true]},"uagb_author_info":{"display_name":"khadypastry@gmail.com","author_link":"https:\/\/latelierkhadypastry.fr\/en\/author\/"},"uagb_comment_info":0,"uagb_excerpt":"Il \u00e9tait une fois\u2026 un cookie pas comme les autres, aussi beau que bon, \u00e0 la robe rouge intense et au c\u0153ur fondant. Inspir\u00e9 du c\u00e9l\u00e8bre Red Velvet, ce biscuit g\u00e9n\u00e9reux de 80 g marie avec \u00e9l\u00e9gance la douceur du chocolat blanc, la tendresse d\u2019un c\u0153ur de guimauve fondante, et une pointe de vanille qui&hellip;","_links":{"self":[{"href":"https:\/\/latelierkhadypastry.fr\/en\/wp-json\/wp\/v2\/product\/89","targetHints":{"allow":["GET"]}}],"collection":[{"href":"https:\/\/latelierkhadypastry.fr\/en\/wp-json\/wp\/v2\/product"}],"about":[{"href":"https:\/\/latelierkhadypastry.fr\/en\/wp-json\/wp\/v2\/types\/product"}],"version-history":[{"count":6,"href":"https:\/\/latelierkhadypastry.fr\/en\/wp-json\/wp\/v2\/product\/89\/revisions"}],"predecessor-version":[{"id":4134,"href":"https:\/\/latelierkhadypastry.fr\/en\/wp-json\/wp\/v2\/product\/89\/revisions\/4134"}],"wp:featuredmedia":[{"embeddable":true,"href":"https:\/\/latelierkhadypastry.fr\/en\/wp-json\/wp\/v2\/media\/3607"}],"wp:attachment":[{"href":"https:\/\/latelierkhadypastry.fr\/en\/wp-json\/wp\/v2\/media?parent=89"}],"wp:term":[{"taxonomy":"product_brand","embeddable":true,"href":"https:\/\/latelierkhadypastry.fr\/en\/wp-json\/wp\/v2\/product_brand?post=89"},{"taxonomy":"product_cat","embeddable":true,"href":"https:\/\/latelierkhadypastry.fr\/en\/wp-json\/wp\/v2\/product_cat?post=89"},{"taxonomy":"product_tag","embeddable":true,"href":"https:\/\/latelierkhadypastry.fr\/en\/wp-json\/wp\/v2\/product_tag?post=89"}],"curies":[{"name":"wp","href":"https:\/\/api.w.org\/{rel}","templated":true}]}}