{"id":2164,"date":"2025-07-01T16:47:36","date_gmt":"2025-07-01T16:47:36","guid":{"rendered":"https:\/\/latelierkhadypastry.fr\/?page_id=2164"},"modified":"2026-03-26T17:00:40","modified_gmt":"2026-03-26T17:00:40","slug":"les-douceurs-de-marrakech","status":"publish","type":"page","link":"https:\/\/latelierkhadypastry.fr\/fr_fr\/les-douceurs-de-marrakech\/","title":{"rendered":"Les douceurs de Marrakech"},"content":{"rendered":"\t\t<div data-elementor-type=\"wp-page\" data-elementor-id=\"2164\" class=\"elementor elementor-2164\">\n\t\t\t\t<div class=\"elementor-element elementor-element-805cd14 e-flex e-con-boxed wpr-particle-no wpr-jarallax-no wpr-parallax-no wpr-sticky-section-no e-con e-parent\" data-id=\"805cd14\" data-element_type=\"container\" data-e-type=\"container\">\n\t\t\t\t\t<div class=\"e-con-inner\">\n\t\t\t\t<div class=\"elementor-element elementor-element-4f018ae elementor-widget elementor-widget-depicter_slider\" data-id=\"4f018ae\" data-element_type=\"widget\" data-e-type=\"widget\" data-widget_type=\"depicter_slider.default\">\n\t\t\t\t<div class=\"elementor-widget-container\">\n\t\t\t\t\t<style id=\"depicter-120-inline-pre-css\">\n\n.depicter-revert.depicter-120{\n\tbackground-color:#000;\n}\n.depicter-120:not(.depicter-ready){\n\theight:400px;\n}\n\n\/***** Tablet *****\/\n@media screen and (max-width: 1024px){\n\n.depicter-120:not(.depicter-ready){\n\theight:600px;\n}\n\n}\n\/***** Mobile *****\/\n@media screen and (max-width: 767px){\n\n.depicter-120:not(.depicter-ready){\n\theight:600px;\n}\n\n}\n<\/style>\n<div id=\"depicter-120\" class=\"depicter depicter-document depicter-revert depicter-120 depicter-layout-fullwidth\">\n\n<div class=\"depicter-loading-container depicter-loading dotFlashing-dark\"><div class=\"depicter-loading-dark depicter-dot-flashing\">\n   <span><\/span>\n   <span><\/span>\n   <span><\/span>\n<\/div>\n<\/div>\n\n<div class=\"depicter-overlay-layers\">\n<div id=\"depicter-120-element-26\" class=\"depicter-element depicter-layer depicter-120-element-26\" data-type=\"lineTimer\" data-wrap=\"true\" data-name=\"Element 26\" data-local-id=\"element-26\" data-offset=\"x:0px;y:0px;origin:bc\" data-width=\"100%,,\" data-height=\"3px,,\" data-responsive-scale=\"true,,\"><\/div>\n<\/div>\n\n<div id=\"depicter-120-section-1\" class=\"depicter-section depicter-120-section-1\" data-name=\"Slide 1\" data-type=\"section\" data-local-id=\"section-1\">\n<picture class=\"depicter-bg\">\n<source data-depicter-srcset=\"https:\/\/latelierkhadypastry.fr\/wp-content\/uploads\/2025\/08\/DSC02918-2-768x1152.jpg, https:\/\/latelierkhadypastry.fr\/wp-content\/uploads\/2025\/08\/DSC02918-2-scaled.jpg 2x\" srcset=\"data:image\/gif;base64,R0lGODlhAQABAIAAAAAAAP\/\/\/yH5BAEAAAAALAAAAAABAAEAAAIBRAA7\" media=\"(max-width: 767px)\" \/>\n\n<source data-depicter-srcset=\"https:\/\/latelierkhadypastry.fr\/wp-content\/uploads\/2025\/08\/DSC02914-1-scaled.jpg, https:\/\/latelierkhadypastry.fr\/wp-content\/uploads\/2025\/08\/DSC02914-1-scaled-1707x2560.jpg 2x\" srcset=\"data:image\/gif;base64,R0lGODlhAQABAIAAAAAAAP\/\/\/yH5BAEAAAAALAAAAAABAAEAAAIBRAA7\" media=\"(max-width: 1024px)\" \/>\n\n<source data-depicter-srcset=\"https:\/\/latelierkhadypastry.fr\/wp-content\/uploads\/2025\/08\/DSC02918-2-scaled.jpg, https:\/\/latelierkhadypastry.fr\/wp-content\/uploads\/2025\/08\/DSC02918-2-scaled-1707x2560.jpg 2x\" srcset=\"data:image\/gif;base64,R0lGODlhAQABAIAAAAAAAP\/\/\/yH5BAEAAAAALAAAAAABAAEAAAIBRAA7\" media=\"(min-width: 1025px)\" \/>\n<img decoding=\"async\" src=\"data:image\/gif;base64,R0lGODlhAQABAIAAAAAAAP\/\/\/yH5BAEAAAAALAAAAAABAAEAAAIBRAA7\" alt=\"\" data-depicter-src=\"https:\/\/latelierkhadypastry.fr\/wp-content\/uploads\/2025\/08\/DSC02918-2-scaled.jpg\" data-object-fit=\"cover,,cover\" data-object-position=\"center center,,center center\" \/>\n<\/picture>\n\n\n<h1 data-animation-in=\"{'direction':'top','easing':'easeOutQuart','duration':1900,'movement':350,'fade':false,'type':'move'}\" data-between-in-out=\"false\" id=\"depicter-120-element-5\" class=\"depicter-element depicter-layer depicter-120-element-5\" data-type=\"text\" data-wrap=\"true\" data-name=\"Element 5\" data-local-id=\"element-5\" data-offset=\"x:524px;y:-75px;origin:mr\" data-tablet-offset=\"x:56px;y:-115px;origin:mr\" data-mobile-offset=\"x:0px;y:-173px;origin:mc\" data-width=\"635px,913px,256px\" data-height=\"auto,auto,auto\" data-responsive-scale=\"true,,\">D\u00e9couvrez nos douceurs<\/h1>\n\n<h1 data-animation-in=\"{'direction':'bottom','easing':'easeOutQuart','duration':2000,'movement':35,'delay':1000,'type':'move'}\" data-between-in-out=\"false\" id=\"depicter-120-element-8\" class=\"depicter-element depicter-layer depicter-120-element-8\" data-type=\"text\" data-wrap=\"true\" data-name=\"Copy of Element 5\" data-local-id=\"element-8\" data-offset=\"x:42px;y:61px;origin:mr\" data-tablet-offset=\"x:361px;y:36px;origin:mr\" data-mobile-offset=\"x:0px;y:130px;origin:mc\" data-width=\"1116px,607px,303.469px\" data-height=\"auto,auto,auto\" data-responsive-scale=\"true,,\">Un voyage sucr\u00e9 au c\u0153ur du Maroc.<br>Savourez nos plateaux de g\u00e2teaux faits maison, aux parfums de miel, amande, fleur d'oranger...<br><\/h1>\n<\/div>\n\n<div id=\"depicter-120-section-41\" class=\"depicter-section depicter-120-section-41\" data-name=\"Slide 6\" data-type=\"section\" data-local-id=\"section-41\">\n<picture class=\"depicter-bg\">\n<source data-depicter-srcset=\"https:\/\/latelierkhadypastry.fr\/wp-content\/uploads\/2025\/08\/DSC02918-2-scaled.jpg, https:\/\/latelierkhadypastry.fr\/wp-content\/uploads\/2025\/08\/DSC02918-2-scaled-1707x2560.jpg 2x\" srcset=\"data:image\/gif;base64,R0lGODlhAQABAIAAAAAAAP\/\/\/yH5BAEAAAAALAAAAAABAAEAAAIBRAA7\" media=\"(max-width: 767px)\" \/>\n\n<source data-depicter-srcset=\"https:\/\/latelierkhadypastry.fr\/wp-content\/uploads\/2025\/08\/DSC02914-1-768x1152.jpg, https:\/\/latelierkhadypastry.fr\/wp-content\/uploads\/2025\/08\/DSC02914-1-scaled.jpg 2x\" srcset=\"data:image\/gif;base64,R0lGODlhAQABAIAAAAAAAP\/\/\/yH5BAEAAAAALAAAAAABAAEAAAIBRAA7\" media=\"(max-width: 1024px)\" \/>\n\n<source data-depicter-srcset=\"https:\/\/latelierkhadypastry.fr\/wp-content\/uploads\/2025\/08\/DSC02914-1-scaled.jpg, https:\/\/latelierkhadypastry.fr\/wp-content\/uploads\/2025\/08\/DSC02914-1-scaled-1707x2560.jpg 2x\" srcset=\"data:image\/gif;base64,R0lGODlhAQABAIAAAAAAAP\/\/\/yH5BAEAAAAALAAAAAABAAEAAAIBRAA7\" media=\"(min-width: 1025px)\" \/>\n<img decoding=\"async\" src=\"data:image\/gif;base64,R0lGODlhAQABAIAAAAAAAP\/\/\/yH5BAEAAAAALAAAAAABAAEAAAIBRAA7\" alt=\"Photo d&#039;assortiment de cornes de gazelle de plusieurs couleurs\" data-depicter-src=\"https:\/\/latelierkhadypastry.fr\/wp-content\/uploads\/2025\/08\/DSC02914-1-scaled.jpg\" data-object-fit=\"cover,,cover\" data-object-position=\"center center,,center center\" \/>\n<\/picture>\n\n\n<h1 data-animation-in=\"{'direction':'top','easing':'easeOutQuart','duration':1900,'movement':350,'fade':false,'type':'move'}\" data-between-in-out=\"false\" id=\"depicter-120-element-42\" class=\"depicter-element depicter-layer depicter-120-element-42\" data-type=\"text\" data-wrap=\"true\" data-name=\"Text 9\" data-local-id=\"element-42\" data-offset=\"x:72px;y:-79px;origin:ml\" data-tablet-offset=\"x:44px;y:-89px;origin:mr\" data-mobile-offset=\"x:0px;y:-158px;origin:mc\" data-width=\"839px,913px,256px\" data-height=\"auto,auto,auto\" data-responsive-scale=\"true,,\">D\u00e9couvrez notre s\u00e9lection de plateaux<\/h1>\n\n<p data-animation-in=\"{'direction':'bottom','easing':'easeOutQuart','duration':2000,'movement':35,'delay':1000,'type':'move'}\" data-between-in-out=\"false\" id=\"depicter-120-element-43\" class=\"depicter-element depicter-layer depicter-120-element-43\" data-type=\"text\" data-wrap=\"true\" data-name=\"Text 10\" data-local-id=\"element-43\" data-offset=\"x:552px;y:62px;origin:mr\" data-tablet-offset=\"x:350px;y:125px;origin:mr\" data-mobile-offset=\"x:0px;y:79px;origin:mc\" data-width=\"576px,607px,303.469px\" data-height=\"auto,auto,auto\" data-responsive-scale=\"true,,\">De plateaux de p\u00e2tisseries orientales artisanales, id\u00e9ales pour vos f\u00eates, mariages ou cadeaux gourmands.<br><\/p>\n<\/div>\n<\/div>\n<script>\n(window.depicterSetups = window.depicterSetups || []).push(function(){\n\tDepicter.basePath = 'https:\/\/latelierkhadypastry.fr\/wp-content\/plugins\/depicter\/resources\/scripts\/player\/';\n\tconst dpPlayer = Depicter.setup('.depicter-120',\n\t\t{\"width\":[\"1200\",\"1024\",\"340\"],\"height\":[\"400\",\"600\",\"600\"],\"view\":\"basic\",\"keepAspectRatio\":true,\"preload\":0,\"layout\":\"fullwidth\",\"rtl\":false,\"initAfterAppear\":false,\"ajaxApiUrl\":\"https:\\\/\\\/latelierkhadypastry.fr\\\/wp-admin\\\/admin-ajax.php\",\"slideshow\":{\"duration\":7,\"pauseOnHover\":true,\"autostart\":true},\"useWatermark\":false}\n\t);\n});\n<\/script>\t\t\t\t<\/div>\n\t\t\t\t<\/div>\n\t\t\t\t<div class=\"elementor-element elementor-element-5b48dae elementor-widget elementor-widget-spacer\" data-id=\"5b48dae\" data-element_type=\"widget\" data-e-type=\"widget\" data-widget_type=\"spacer.default\">\n\t\t\t\t<div class=\"elementor-widget-container\">\n\t\t\t\t\t\t\t<div class=\"elementor-spacer\">\n\t\t\t<div class=\"elementor-spacer-inner\"><\/div>\n\t\t<\/div>\n\t\t\t\t\t\t<\/div>\n\t\t\t\t<\/div>\n\t\t<div class=\"elementor-element elementor-element-69bddd4 e-grid e-con-full wpr-particle-no wpr-jarallax-no wpr-parallax-no wpr-sticky-section-no e-con e-child\" data-id=\"69bddd4\" data-element_type=\"container\" data-e-type=\"container\">\n\t\t\t\t<div class=\"elementor-element elementor-element-458f567 animated-slow elementor-invisible elementor-widget elementor-widget-image\" data-id=\"458f567\" data-element_type=\"widget\" data-e-type=\"widget\" data-settings=\"{&quot;_animation&quot;:&quot;fadeIn&quot;}\" data-widget_type=\"image.default\">\n\t\t\t\t<div class=\"elementor-widget-container\">\n\t\t\t\t\t\t\t\t\t\t\t\t\t\t\t<img fetchpriority=\"high\" decoding=\"async\" width=\"683\" height=\"1024\" src=\"https:\/\/latelierkhadypastry.fr\/wp-content\/uploads\/2025\/08\/DSC02984-32-683x1024.jpg\" class=\"attachment-large size-large wp-image-3130\" alt=\"Photo g\u00e2teaux marocains avec une main tenat une Ghiba\" srcset=\"https:\/\/latelierkhadypastry.fr\/wp-content\/uploads\/2025\/08\/DSC02984-32-683x1024.jpg 683w, https:\/\/latelierkhadypastry.fr\/wp-content\/uploads\/2025\/08\/DSC02984-32-scaled-300x450.jpg 300w, https:\/\/latelierkhadypastry.fr\/wp-content\/uploads\/2025\/08\/DSC02984-32-scaled-600x900.jpg 600w, https:\/\/latelierkhadypastry.fr\/wp-content\/uploads\/2025\/08\/DSC02984-32-200x300.jpg 200w, https:\/\/latelierkhadypastry.fr\/wp-content\/uploads\/2025\/08\/DSC02984-32-768x1152.jpg 768w, https:\/\/latelierkhadypastry.fr\/wp-content\/uploads\/2025\/08\/DSC02984-32-1024x1536.jpg 1024w, https:\/\/latelierkhadypastry.fr\/wp-content\/uploads\/2025\/08\/DSC02984-32-1365x2048.jpg 1365w, https:\/\/latelierkhadypastry.fr\/wp-content\/uploads\/2025\/08\/DSC02984-32-8x12.jpg 8w, https:\/\/latelierkhadypastry.fr\/wp-content\/uploads\/2025\/08\/DSC02984-32-scaled.jpg 1707w\" sizes=\"(max-width: 683px) 100vw, 683px\" \/>\t\t\t\t\t\t\t\t\t\t\t\t\t\t\t<\/div>\n\t\t\t\t<\/div>\n\t\t<div class=\"elementor-element elementor-element-cdd61c2 e-con-full e-flex wpr-particle-no wpr-jarallax-no wpr-parallax-no wpr-sticky-section-no e-con e-child\" data-id=\"cdd61c2\" data-element_type=\"container\" data-e-type=\"container\">\n\t\t\t\t<div class=\"elementor-element elementor-element-058c34b elementor-widget elementor-widget-heading\" data-id=\"058c34b\" data-element_type=\"widget\" data-e-type=\"widget\" data-widget_type=\"heading.default\">\n\t\t\t\t<div class=\"elementor-widget-container\">\n\t\t\t\t\t<h2 class=\"elementor-heading-title elementor-size-default\">Nos g\u00e2teaux marocains embl\u00e9matiques arrivent tr\u00e8s prochainement...<\/h2>\t\t\t\t<\/div>\n\t\t\t\t<\/div>\n\t\t\t\t<\/div>\n\t\t\t\t<div class=\"elementor-element elementor-element-29bed04 animated-slow elementor-invisible elementor-widget elementor-widget-image\" data-id=\"29bed04\" data-element_type=\"widget\" data-e-type=\"widget\" data-settings=\"{&quot;_animation&quot;:&quot;fadeIn&quot;}\" data-widget_type=\"image.default\">\n\t\t\t\t<div class=\"elementor-widget-container\">\n\t\t\t\t\t\t\t\t\t\t\t\t\t\t\t<img decoding=\"async\" width=\"683\" height=\"1024\" src=\"https:\/\/latelierkhadypastry.fr\/wp-content\/uploads\/2025\/08\/DSC02928-4-683x1024.jpg\" class=\"attachment-large size-large wp-image-3099\" alt=\"triangle aux amendes en boite et sur pr\u00e9sentoir\" srcset=\"https:\/\/latelierkhadypastry.fr\/wp-content\/uploads\/2025\/08\/DSC02928-4-683x1024.jpg 683w, https:\/\/latelierkhadypastry.fr\/wp-content\/uploads\/2025\/08\/DSC02928-4-scaled-300x450.jpg 300w, https:\/\/latelierkhadypastry.fr\/wp-content\/uploads\/2025\/08\/DSC02928-4-scaled-600x900.jpg 600w, https:\/\/latelierkhadypastry.fr\/wp-content\/uploads\/2025\/08\/DSC02928-4-200x300.jpg 200w, https:\/\/latelierkhadypastry.fr\/wp-content\/uploads\/2025\/08\/DSC02928-4-768x1152.jpg 768w, https:\/\/latelierkhadypastry.fr\/wp-content\/uploads\/2025\/08\/DSC02928-4-1024x1536.jpg 1024w, https:\/\/latelierkhadypastry.fr\/wp-content\/uploads\/2025\/08\/DSC02928-4-1365x2048.jpg 1365w, https:\/\/latelierkhadypastry.fr\/wp-content\/uploads\/2025\/08\/DSC02928-4-8x12.jpg 8w, https:\/\/latelierkhadypastry.fr\/wp-content\/uploads\/2025\/08\/DSC02928-4-scaled.jpg 1707w\" sizes=\"(max-width: 683px) 100vw, 683px\" \/>\t\t\t\t\t\t\t\t\t\t\t\t\t\t\t<\/div>\n\t\t\t\t<\/div>\n\t\t\t\t<div class=\"elementor-element elementor-element-8e12faa elementor-invisible elementor-widget elementor-widget-image\" data-id=\"8e12faa\" data-element_type=\"widget\" data-e-type=\"widget\" data-settings=\"{&quot;_animation&quot;:&quot;fadeIn&quot;,&quot;_animation_delay&quot;:500}\" data-widget_type=\"image.default\">\n\t\t\t\t<div class=\"elementor-widget-container\">\n\t\t\t\t\t\t\t\t\t\t\t\t\t\t\t<img decoding=\"async\" width=\"683\" height=\"1024\" src=\"https:\/\/latelierkhadypastry.fr\/wp-content\/uploads\/2025\/08\/DSC02948-15-683x1024.jpg\" class=\"attachment-large size-large wp-image-3110\" alt=\"G\u00e2teau marocain photographi\u00e9s dans leur bo\u00eete\" srcset=\"https:\/\/latelierkhadypastry.fr\/wp-content\/uploads\/2025\/08\/DSC02948-15-683x1024.jpg 683w, https:\/\/latelierkhadypastry.fr\/wp-content\/uploads\/2025\/08\/DSC02948-15-scaled-300x450.jpg 300w, https:\/\/latelierkhadypastry.fr\/wp-content\/uploads\/2025\/08\/DSC02948-15-scaled-600x900.jpg 600w, https:\/\/latelierkhadypastry.fr\/wp-content\/uploads\/2025\/08\/DSC02948-15-200x300.jpg 200w, https:\/\/latelierkhadypastry.fr\/wp-content\/uploads\/2025\/08\/DSC02948-15-768x1152.jpg 768w, https:\/\/latelierkhadypastry.fr\/wp-content\/uploads\/2025\/08\/DSC02948-15-1024x1536.jpg 1024w, https:\/\/latelierkhadypastry.fr\/wp-content\/uploads\/2025\/08\/DSC02948-15-1365x2048.jpg 1365w, https:\/\/latelierkhadypastry.fr\/wp-content\/uploads\/2025\/08\/DSC02948-15-8x12.jpg 8w, https:\/\/latelierkhadypastry.fr\/wp-content\/uploads\/2025\/08\/DSC02948-15-scaled.jpg 1707w\" sizes=\"(max-width: 683px) 100vw, 683px\" \/>\t\t\t\t\t\t\t\t\t\t\t\t\t\t\t<\/div>\n\t\t\t\t<\/div>\n\t\t\t\t<div class=\"elementor-element elementor-element-be680b8 elementor-widget elementor-widget-text-editor\" data-id=\"be680b8\" data-element_type=\"widget\" data-e-type=\"widget\" data-widget_type=\"text-editor.default\">\n\t\t\t\t<div class=\"elementor-widget-container\">\n\t\t\t\t\t\t\t\t\t<p>Nous travaillons dur pour vous proposer, en exclusivit\u00e9 dans notre boutique en ligne, des assortiments d&rsquo;excellence directement livr\u00e9s chez vous.<\/p>\t\t\t\t\t\t\t\t<\/div>\n\t\t\t\t<\/div>\n\t\t\t\t<div class=\"elementor-element elementor-element-06c8fe9 animated-slow elementor-invisible elementor-widget elementor-widget-image\" data-id=\"06c8fe9\" data-element_type=\"widget\" data-e-type=\"widget\" data-settings=\"{&quot;_animation&quot;:&quot;fadeIn&quot;,&quot;_animation_delay&quot;:1000}\" data-widget_type=\"image.default\">\n\t\t\t\t<div class=\"elementor-widget-container\">\n\t\t\t\t\t\t\t\t\t\t\t\t\t\t\t<img loading=\"lazy\" decoding=\"async\" width=\"683\" height=\"1024\" src=\"https:\/\/latelierkhadypastry.fr\/wp-content\/uploads\/2025\/08\/DSC02914-1-683x1024.jpg\" class=\"attachment-large size-large wp-image-3096\" alt=\"Photo d&#039;assortiment de cornes de gazelle de plusieurs couleurs\" srcset=\"https:\/\/latelierkhadypastry.fr\/wp-content\/uploads\/2025\/08\/DSC02914-1-683x1024.jpg 683w, https:\/\/latelierkhadypastry.fr\/wp-content\/uploads\/2025\/08\/DSC02914-1-scaled-300x450.jpg 300w, https:\/\/latelierkhadypastry.fr\/wp-content\/uploads\/2025\/08\/DSC02914-1-scaled-600x900.jpg 600w, https:\/\/latelierkhadypastry.fr\/wp-content\/uploads\/2025\/08\/DSC02914-1-200x300.jpg 200w, https:\/\/latelierkhadypastry.fr\/wp-content\/uploads\/2025\/08\/DSC02914-1-768x1152.jpg 768w, https:\/\/latelierkhadypastry.fr\/wp-content\/uploads\/2025\/08\/DSC02914-1-1024x1536.jpg 1024w, https:\/\/latelierkhadypastry.fr\/wp-content\/uploads\/2025\/08\/DSC02914-1-1365x2048.jpg 1365w, https:\/\/latelierkhadypastry.fr\/wp-content\/uploads\/2025\/08\/DSC02914-1-8x12.jpg 8w, https:\/\/latelierkhadypastry.fr\/wp-content\/uploads\/2025\/08\/DSC02914-1-scaled.jpg 1707w\" sizes=\"(max-width: 683px) 100vw, 683px\" \/>\t\t\t\t\t\t\t\t\t\t\t\t\t\t\t<\/div>\n\t\t\t\t<\/div>\n\t\t\t\t<\/div>\n\t\t\t\t\t<\/div>\n\t\t\t\t<\/div>\n\t\t<div class=\"elementor-element elementor-element-384784f e-flex e-con-boxed wpr-particle-no wpr-jarallax-no wpr-parallax-no wpr-sticky-section-no e-con e-parent\" data-id=\"384784f\" data-element_type=\"container\" data-e-type=\"container\">\n\t\t\t\t\t<div class=\"e-con-inner\">\n\t\t\t\t<div class=\"elementor-element elementor-element-9144638 elementor-widget elementor-widget-spacer\" data-id=\"9144638\" data-element_type=\"widget\" data-e-type=\"widget\" data-widget_type=\"spacer.default\">\n\t\t\t\t<div class=\"elementor-widget-container\">\n\t\t\t\t\t\t\t<div class=\"elementor-spacer\">\n\t\t\t<div class=\"elementor-spacer-inner\"><\/div>\n\t\t<\/div>\n\t\t\t\t\t\t<\/div>\n\t\t\t\t<\/div>\n\t\t\t\t\t<\/div>\n\t\t\t\t<\/div>\n\t\t\t\t<\/div>\n\t\t","protected":false},"excerpt":{"rendered":"<p>D\u00e9couvrez nos douceurs Un voyage sucr\u00e9 au c\u0153ur du Maroc.Savourez nos plateaux de g\u00e2teaux faits maison, aux parfums de miel, amande, fleur d&rsquo;oranger&#8230; D\u00e9couvrez notre s\u00e9lection de plateaux De plateaux de p\u00e2tisseries orientales artisanales, id\u00e9ales pour vos f\u00eates, mariages ou cadeaux gourmands. Nos g\u00e2teaux marocains embl\u00e9matiques arrivent tr\u00e8s prochainement&#8230; Nous travaillons dur pour vous proposer, en exclusivit\u00e9 dans notre boutique en ligne, des assortiments d&rsquo;excellence directement livr\u00e9s chez vous.<\/p>\n","protected":false},"author":1,"featured_media":0,"parent":0,"menu_order":0,"comment_status":"closed","ping_status":"closed","template":"","meta":{"_uag_custom_page_level_css":"","site-sidebar-layout":"no-sidebar","site-content-layout":"page-builder","ast-site-content-layout":"full-width-container","site-content-style":"default","site-sidebar-style":"default","ast-global-header-display":"","ast-banner-title-visibility":"","ast-main-header-display":"","ast-hfb-above-header-display":"","ast-hfb-below-header-display":"","ast-hfb-mobile-header-display":"","site-post-title":"disabled","ast-breadcrumbs-content":"","ast-featured-img":"disabled","footer-sml-layout":"","theme-transparent-header-meta":"","adv-header-id-meta":"","stick-header-meta":"","header-above-stick-meta":"","header-main-stick-meta":"","header-below-stick-meta":"","astra-migrate-meta-layouts":"set","ast-page-background-enabled":"default","ast-page-background-meta":{"desktop":{"background-color":"var(--ast-global-color-4)","background-image":"","background-repeat":"repeat","background-position":"center center","background-size":"auto","background-attachment":"scroll","background-type":"","background-media":"","overlay-type":"","overlay-color":"","overlay-opacity":"","overlay-gradient":""},"tablet":{"background-color":"","background-image":"","background-repeat":"repeat","background-position":"center center","background-size":"auto","background-attachment":"scroll","background-type":"","background-media":"","overlay-type":"","overlay-color":"","overlay-opacity":"","overlay-gradient":""},"mobile":{"background-color":"","background-image":"","background-repeat":"repeat","background-position":"center center","background-size":"auto","background-attachment":"scroll","background-type":"","background-media":"","overlay-type":"","overlay-color":"","overlay-opacity":"","overlay-gradient":""}},"ast-content-background-meta":{"desktop":{"background-color":"var(--ast-global-color-5)","background-image":"","background-repeat":"repeat","background-position":"center center","background-size":"auto","background-attachment":"scroll","background-type":"","background-media":"","overlay-type":"","overlay-color":"","overlay-opacity":"","overlay-gradient":""},"tablet":{"background-color":"var(--ast-global-color-5)","background-image":"","background-repeat":"repeat","background-position":"center center","background-size":"auto","background-attachment":"scroll","background-type":"","background-media":"","overlay-type":"","overlay-color":"","overlay-opacity":"","overlay-gradient":""},"mobile":{"background-color":"var(--ast-global-color-5)","background-image":"","background-repeat":"repeat","background-position":"center center","background-size":"auto","background-attachment":"scroll","background-type":"","background-media":"","overlay-type":"","overlay-color":"","overlay-opacity":"","overlay-gradient":""}},"footnotes":""},"class_list":["post-2164","page","type-page","status-publish","hentry"],"uagb_featured_image_src":{"full":false,"thumbnail":false,"medium":false,"medium_large":false,"large":false,"1536x1536":false,"2048x2048":false,"trp-custom-language-flag":false,"depicter-thumbnail":false,"woocommerce_thumbnail":false,"woocommerce_single":false,"woocommerce_gallery_thumbnail":false},"uagb_author_info":{"display_name":"khadypastry@gmail.com","author_link":"https:\/\/latelierkhadypastry.fr\/fr_fr\/author\/khadypastrygmail-com\/"},"uagb_comment_info":0,"uagb_excerpt":"D\u00e9couvrez nos douceurs Un voyage sucr\u00e9 au c\u0153ur du Maroc.Savourez nos plateaux de g\u00e2teaux faits maison, aux parfums de miel, amande, fleur d&rsquo;oranger&#8230; D\u00e9couvrez notre s\u00e9lection de plateaux De plateaux de p\u00e2tisseries orientales artisanales, id\u00e9ales pour vos f\u00eates, mariages ou cadeaux gourmands. Nos g\u00e2teaux marocains embl\u00e9matiques arrivent tr\u00e8s prochainement&#8230; Nous travaillons dur pour vous proposer,\u2026","_links":{"self":[{"href":"https:\/\/latelierkhadypastry.fr\/fr_fr\/wp-json\/wp\/v2\/pages\/2164","targetHints":{"allow":["GET"]}}],"collection":[{"href":"https:\/\/latelierkhadypastry.fr\/fr_fr\/wp-json\/wp\/v2\/pages"}],"about":[{"href":"https:\/\/latelierkhadypastry.fr\/fr_fr\/wp-json\/wp\/v2\/types\/page"}],"author":[{"embeddable":true,"href":"https:\/\/latelierkhadypastry.fr\/fr_fr\/wp-json\/wp\/v2\/users\/1"}],"replies":[{"embeddable":true,"href":"https:\/\/latelierkhadypastry.fr\/fr_fr\/wp-json\/wp\/v2\/comments?post=2164"}],"version-history":[{"count":34,"href":"https:\/\/latelierkhadypastry.fr\/fr_fr\/wp-json\/wp\/v2\/pages\/2164\/revisions"}],"predecessor-version":[{"id":4209,"href":"https:\/\/latelierkhadypastry.fr\/fr_fr\/wp-json\/wp\/v2\/pages\/2164\/revisions\/4209"}],"wp:attachment":[{"href":"https:\/\/latelierkhadypastry.fr\/fr_fr\/wp-json\/wp\/v2\/media?parent=2164"}],"curies":[{"name":"wp","href":"https:\/\/api.w.org\/{rel}","templated":true}]}}