{"id":2576,"date":"2025-07-12T15:33:30","date_gmt":"2025-07-12T15:33:30","guid":{"rendered":"https:\/\/latelierkhadypastry.fr\/?page_id=2576"},"modified":"2025-09-05T16:17:54","modified_gmt":"2025-09-05T16:17:54","slug":"matieres-premieres","status":"publish","type":"page","link":"https:\/\/latelierkhadypastry.fr\/fr_fr\/matieres-premieres\/","title":{"rendered":"Mati\u00e8res premi\u00e8res"},"content":{"rendered":"\t\t<div data-elementor-type=\"wp-page\" data-elementor-id=\"2576\" class=\"elementor elementor-2576\">\n\t\t\t\t<div class=\"elementor-element elementor-element-2f8eb81 e-flex e-con-boxed wpr-particle-no wpr-jarallax-no wpr-parallax-no wpr-sticky-section-no e-con e-parent\" data-id=\"2f8eb81\" data-element_type=\"container\" data-e-type=\"container\">\n\t\t\t\t\t<div class=\"e-con-inner\">\n\t\t\t\t<div class=\"elementor-element elementor-element-23c149e elementor-widget elementor-widget-heading\" data-id=\"23c149e\" data-element_type=\"widget\" data-e-type=\"widget\" data-widget_type=\"heading.default\">\n\t\t\t\t<div class=\"elementor-widget-container\">\n\t\t\t\t\t<h1 class=\"elementor-heading-title elementor-size-default\">Chez L'atelier Khady Pastry nous s\u00e9lectionnons nos ingr\u00e9dients avec soin.<\/h1>\t\t\t\t<\/div>\n\t\t\t\t<\/div>\n\t\t\t\t<div class=\"elementor-element elementor-element-483d71c elementor-widget elementor-widget-heading\" data-id=\"483d71c\" data-element_type=\"widget\" data-e-type=\"widget\" data-widget_type=\"heading.default\">\n\t\t\t\t<div class=\"elementor-widget-container\">\n\t\t\t\t\t<h2 class=\"elementor-heading-title elementor-size-default\">Nos mati\u00e8res premi\u00e8res n'ont plus de secret pour vous<\/h2>\t\t\t\t<\/div>\n\t\t\t\t<\/div>\n\t\t\t\t<div class=\"elementor-element elementor-element-14cec33 elementor-widget elementor-widget-heading\" data-id=\"14cec33\" data-element_type=\"widget\" data-e-type=\"widget\" data-widget_type=\"heading.default\">\n\t\t\t\t<div class=\"elementor-widget-container\">\n\t\t\t\t\t<p class=\"elementor-heading-title elementor-size-default\">Pour les ingr\u00e9dients sp\u00e9cifiques au cookie choisis, se r\u00e9f\u00e9rer \u00e0 la liste pr\u00e9senter dans la fiche produit et du titre \ud83d\ude09<\/p>\t\t\t\t<\/div>\n\t\t\t\t<\/div>\n\t\t\t\t<div class=\"elementor-element elementor-element-e08464c elementor-widget-divider--view-line elementor-widget elementor-widget-divider\" data-id=\"e08464c\" data-element_type=\"widget\" data-e-type=\"widget\" data-widget_type=\"divider.default\">\n\t\t\t\t<div class=\"elementor-widget-container\">\n\t\t\t\t\t\t\t<div class=\"elementor-divider\">\n\t\t\t<span class=\"elementor-divider-separator\">\n\t\t\t\t\t\t<\/span>\n\t\t<\/div>\n\t\t\t\t\t\t<\/div>\n\t\t\t\t<\/div>\n\t\t\t\t<div class=\"elementor-element elementor-element-a35d88c elementor-widget elementor-widget-heading\" data-id=\"a35d88c\" data-element_type=\"widget\" data-e-type=\"widget\" data-widget_type=\"heading.default\">\n\t\t\t\t<div class=\"elementor-widget-container\">\n\t\t\t\t\t<h3 class=\"elementor-heading-title elementor-size-default\">Mati\u00e8res premi\u00e8res de base pour tous nos cookies:<\/h3>\t\t\t\t<\/div>\n\t\t\t\t<\/div>\n\t\t\t\t\t<\/div>\n\t\t\t\t<\/div>\n\t\t<div class=\"elementor-element elementor-element-b570099 e-grid e-con-boxed wpr-particle-no wpr-jarallax-no wpr-parallax-no wpr-sticky-section-no e-con e-parent\" data-id=\"b570099\" data-element_type=\"container\" data-e-type=\"container\">\n\t\t\t\t\t<div class=\"e-con-inner\">\n\t\t\t\t<div class=\"elementor-element elementor-element-64b412c elementor-position-right elementor-vertical-align-middle elementor-widget elementor-widget-image-box\" data-id=\"64b412c\" data-element_type=\"widget\" data-e-type=\"widget\" data-widget_type=\"image-box.default\">\n\t\t\t\t<div class=\"elementor-widget-container\">\n\t\t\t\t\t<div class=\"elementor-image-box-wrapper\"><figure class=\"elementor-image-box-img\"><img decoding=\"async\" width=\"100\" height=\"100\" src=\"https:\/\/latelierkhadypastry.fr\/wp-content\/uploads\/2025\/09\/Plan-de-travail-4.png\" class=\"attachment-full size-full wp-image-3387\" alt=\"Farine sur plan de travail\" srcset=\"https:\/\/latelierkhadypastry.fr\/wp-content\/uploads\/2025\/09\/Plan-de-travail-4.png 100w, https:\/\/latelierkhadypastry.fr\/wp-content\/uploads\/2025\/09\/Plan-de-travail-4-12x12.png 12w\" sizes=\"(max-width: 100px) 100vw, 100px\" \/><\/figure><div class=\"elementor-image-box-content\"><h3 class=\"elementor-image-box-title\">Farine blanche<\/h3><\/div><\/div>\t\t\t\t<\/div>\n\t\t\t\t<\/div>\n\t\t\t\t<div class=\"elementor-element elementor-element-f8982f6 elementor-position-right elementor-vertical-align-middle elementor-widget elementor-widget-image-box\" data-id=\"f8982f6\" data-element_type=\"widget\" data-e-type=\"widget\" data-widget_type=\"image-box.default\">\n\t\t\t\t<div class=\"elementor-widget-container\">\n\t\t\t\t\t<div class=\"elementor-image-box-wrapper\"><figure class=\"elementor-image-box-img\"><img decoding=\"async\" width=\"100\" height=\"100\" src=\"https:\/\/latelierkhadypastry.fr\/wp-content\/uploads\/2025\/09\/Plan-de-travail-1.png\" class=\"attachment-full size-full wp-image-3384\" alt=\"Sucre blanc vers\u00e9 sur un plan de travail\" srcset=\"https:\/\/latelierkhadypastry.fr\/wp-content\/uploads\/2025\/09\/Plan-de-travail-1.png 100w, https:\/\/latelierkhadypastry.fr\/wp-content\/uploads\/2025\/09\/Plan-de-travail-1-12x12.png 12w\" sizes=\"(max-width: 100px) 100vw, 100px\" \/><\/figure><div class=\"elementor-image-box-content\"><h3 class=\"elementor-image-box-title\">Sucre cristal<\/h3><\/div><\/div>\t\t\t\t<\/div>\n\t\t\t\t<\/div>\n\t\t\t\t<div class=\"elementor-element elementor-element-87290f2 elementor-position-right elementor-vertical-align-middle elementor-widget elementor-widget-image-box\" data-id=\"87290f2\" data-element_type=\"widget\" data-e-type=\"widget\" data-widget_type=\"image-box.default\">\n\t\t\t\t<div class=\"elementor-widget-container\">\n\t\t\t\t\t<div class=\"elementor-image-box-wrapper\"><figure class=\"elementor-image-box-img\"><img decoding=\"async\" width=\"100\" height=\"100\" src=\"https:\/\/latelierkhadypastry.fr\/wp-content\/uploads\/2025\/09\/Plan-de-travail-3.png\" class=\"attachment-full size-full wp-image-3386\" alt=\"Gros plan sur des gains de sucre brun\" srcset=\"https:\/\/latelierkhadypastry.fr\/wp-content\/uploads\/2025\/09\/Plan-de-travail-3.png 100w, https:\/\/latelierkhadypastry.fr\/wp-content\/uploads\/2025\/09\/Plan-de-travail-3-12x12.png 12w\" sizes=\"(max-width: 100px) 100vw, 100px\" \/><\/figure><div class=\"elementor-image-box-content\"><h3 class=\"elementor-image-box-title\">Sucre brun<\/h3><\/div><\/div>\t\t\t\t<\/div>\n\t\t\t\t<\/div>\n\t\t\t\t<div class=\"elementor-element elementor-element-36e85f3 elementor-position-right elementor-vertical-align-middle elementor-widget elementor-widget-image-box\" data-id=\"36e85f3\" data-element_type=\"widget\" data-e-type=\"widget\" data-widget_type=\"image-box.default\">\n\t\t\t\t<div class=\"elementor-widget-container\">\n\t\t\t\t\t<div class=\"elementor-image-box-wrapper\"><figure class=\"elementor-image-box-img\"><img loading=\"lazy\" decoding=\"async\" width=\"100\" height=\"100\" src=\"https:\/\/latelierkhadypastry.fr\/wp-content\/uploads\/2025\/09\/Plan-de-travail-5.png\" class=\"attachment-full size-full wp-image-3388\" alt=\"Gros plan sur des \u0153ufs de poulets\" srcset=\"https:\/\/latelierkhadypastry.fr\/wp-content\/uploads\/2025\/09\/Plan-de-travail-5.png 100w, https:\/\/latelierkhadypastry.fr\/wp-content\/uploads\/2025\/09\/Plan-de-travail-5-12x12.png 12w, https:\/\/latelierkhadypastry.fr\/wp-content\/uploads\/2025\/09\/elementor\/thumbs\/Plan-de-travail-5.png 150w, https:\/\/latelierkhadypastry.fr\/wp-content\/uploads\/2025\/09\/elementor\/thumbs\/Plan-de-travail-5.png 200w, https:\/\/latelierkhadypastry.fr\/wp-content\/uploads\/2025\/09\/elementor\/thumbs\/Plan-de-travail-5.png 500w, https:\/\/latelierkhadypastry.fr\/wp-content\/uploads\/2025\/09\/elementor\/thumbs\/Plan-de-travail-5.png 1000w\" sizes=\"(max-width: 100px) 100vw, 100px\" \/><\/figure><div class=\"elementor-image-box-content\"><h3 class=\"elementor-image-box-title\">Oeufs frais<\/h3><\/div><\/div>\t\t\t\t<\/div>\n\t\t\t\t<\/div>\n\t\t\t\t<div class=\"elementor-element elementor-element-cc61f1d elementor-position-right elementor-vertical-align-middle elementor-widget elementor-widget-image-box\" data-id=\"cc61f1d\" data-element_type=\"widget\" data-e-type=\"widget\" data-widget_type=\"image-box.default\">\n\t\t\t\t<div class=\"elementor-widget-container\">\n\t\t\t\t\t<div class=\"elementor-image-box-wrapper\"><figure class=\"elementor-image-box-img\"><img loading=\"lazy\" decoding=\"async\" width=\"100\" height=\"100\" src=\"https:\/\/latelierkhadypastry.fr\/wp-content\/uploads\/2025\/09\/Plan-de-travail-2.png\" class=\"attachment-full size-full wp-image-3385\" alt=\"Paquet de beurre ouvert\" srcset=\"https:\/\/latelierkhadypastry.fr\/wp-content\/uploads\/2025\/09\/Plan-de-travail-2.png 100w, https:\/\/latelierkhadypastry.fr\/wp-content\/uploads\/2025\/09\/Plan-de-travail-2-12x12.png 12w\" sizes=\"(max-width: 100px) 100vw, 100px\" \/><\/figure><div class=\"elementor-image-box-content\"><h3 class=\"elementor-image-box-title\">Beurre frais<\/h3><\/div><\/div>\t\t\t\t<\/div>\n\t\t\t\t<\/div>\n\t\t\t\t<div class=\"elementor-element elementor-element-2359314 elementor-position-right elementor-vertical-align-middle elementor-widget elementor-widget-image-box\" data-id=\"2359314\" data-element_type=\"widget\" data-e-type=\"widget\" data-widget_type=\"image-box.default\">\n\t\t\t\t<div class=\"elementor-widget-container\">\n\t\t\t\t\t<div class=\"elementor-image-box-wrapper\"><figure class=\"elementor-image-box-img\"><img loading=\"lazy\" decoding=\"async\" width=\"100\" height=\"100\" src=\"https:\/\/latelierkhadypastry.fr\/wp-content\/uploads\/2025\/09\/Plan-de-travail-7.png\" class=\"attachment-full size-full wp-image-3390\" alt=\"\" srcset=\"https:\/\/latelierkhadypastry.fr\/wp-content\/uploads\/2025\/09\/Plan-de-travail-7.png 100w, https:\/\/latelierkhadypastry.fr\/wp-content\/uploads\/2025\/09\/Plan-de-travail-7-12x12.png 12w\" sizes=\"(max-width: 100px) 100vw, 100px\" \/><\/figure><div class=\"elementor-image-box-content\"><h3 class=\"elementor-image-box-title\">Sucre vanille<\/h3><\/div><\/div>\t\t\t\t<\/div>\n\t\t\t\t<\/div>\n\t\t\t\t<div class=\"elementor-element elementor-element-b8d8486 elementor-position-right elementor-vertical-align-middle elementor-widget elementor-widget-image-box\" data-id=\"b8d8486\" data-element_type=\"widget\" data-e-type=\"widget\" data-widget_type=\"image-box.default\">\n\t\t\t\t<div class=\"elementor-widget-container\">\n\t\t\t\t\t<div class=\"elementor-image-box-wrapper\"><figure class=\"elementor-image-box-img\"><img loading=\"lazy\" decoding=\"async\" width=\"100\" height=\"100\" src=\"https:\/\/latelierkhadypastry.fr\/wp-content\/uploads\/2025\/09\/Plan-de-travail-6.png\" class=\"attachment-full size-full wp-image-3389\" alt=\"Sel blanc dans un bol en bois\" srcset=\"https:\/\/latelierkhadypastry.fr\/wp-content\/uploads\/2025\/09\/Plan-de-travail-6.png 100w, https:\/\/latelierkhadypastry.fr\/wp-content\/uploads\/2025\/09\/Plan-de-travail-6-12x12.png 12w\" sizes=\"(max-width: 100px) 100vw, 100px\" \/><\/figure><div class=\"elementor-image-box-content\"><h3 class=\"elementor-image-box-title\">Sel blanc<\/h3><\/div><\/div>\t\t\t\t<\/div>\n\t\t\t\t<\/div>\n\t\t\t\t\t<\/div>\n\t\t\t\t<\/div>\n\t\t<div class=\"elementor-element elementor-element-7826d80 e-flex e-con-boxed wpr-particle-no wpr-jarallax-no wpr-parallax-no wpr-sticky-section-no e-con e-parent\" data-id=\"7826d80\" data-element_type=\"container\" data-e-type=\"container\">\n\t\t\t\t\t<div class=\"e-con-inner\">\n\t\t\t\t<div class=\"elementor-element elementor-element-eebc522 elementor-widget elementor-widget-spacer\" data-id=\"eebc522\" data-element_type=\"widget\" data-e-type=\"widget\" data-widget_type=\"spacer.default\">\n\t\t\t\t<div class=\"elementor-widget-container\">\n\t\t\t\t\t\t\t<div class=\"elementor-spacer\">\n\t\t\t<div class=\"elementor-spacer-inner\"><\/div>\n\t\t<\/div>\n\t\t\t\t\t\t<\/div>\n\t\t\t\t<\/div>\n\t\t\t\t\t<\/div>\n\t\t\t\t<\/div>\n\t\t\t\t<\/div>\n\t\t","protected":false},"excerpt":{"rendered":"<p>Chez L&rsquo;atelier Khady Pastry nous s\u00e9lectionnons nos ingr\u00e9dients avec soin. Nos mati\u00e8res premi\u00e8res n&rsquo;ont plus de secret pour vous Pour les ingr\u00e9dients sp\u00e9cifiques au cookie choisis, se r\u00e9f\u00e9rer \u00e0 la liste pr\u00e9senter dans la fiche produit et du titre \ud83d\ude09 Mati\u00e8res premi\u00e8res de base pour tous nos cookies: Farine blanche Sucre cristal Sucre brun Oeufs frais Beurre frais Sucre vanille Sel blanc<\/p>\n","protected":false},"author":1,"featured_media":0,"parent":0,"menu_order":0,"comment_status":"closed","ping_status":"closed","template":"","meta":{"_uag_custom_page_level_css":"","site-sidebar-layout":"no-sidebar","site-content-layout":"page-builder","ast-site-content-layout":"full-width-container","site-content-style":"default","site-sidebar-style":"default","ast-global-header-display":"","ast-banner-title-visibility":"","ast-main-header-display":"","ast-hfb-above-header-display":"","ast-hfb-below-header-display":"","ast-hfb-mobile-header-display":"","site-post-title":"disabled","ast-breadcrumbs-content":"","ast-featured-img":"disabled","footer-sml-layout":"","theme-transparent-header-meta":"","adv-header-id-meta":"","stick-header-meta":"","header-above-stick-meta":"","header-main-stick-meta":"","header-below-stick-meta":"","astra-migrate-meta-layouts":"set","ast-page-background-enabled":"default","ast-page-background-meta":{"desktop":{"background-color":"var(--ast-global-color-4)","background-image":"","background-repeat":"repeat","background-position":"center center","background-size":"auto","background-attachment":"scroll","background-type":"","background-media":"","overlay-type":"","overlay-color":"","overlay-opacity":"","overlay-gradient":""},"tablet":{"background-color":"","background-image":"","background-repeat":"repeat","background-position":"center center","background-size":"auto","background-attachment":"scroll","background-type":"","background-media":"","overlay-type":"","overlay-color":"","overlay-opacity":"","overlay-gradient":""},"mobile":{"background-color":"","background-image":"","background-repeat":"repeat","background-position":"center center","background-size":"auto","background-attachment":"scroll","background-type":"","background-media":"","overlay-type":"","overlay-color":"","overlay-opacity":"","overlay-gradient":""}},"ast-content-background-meta":{"desktop":{"background-color":"var(--ast-global-color-5)","background-image":"","background-repeat":"repeat","background-position":"center center","background-size":"auto","background-attachment":"scroll","background-type":"","background-media":"","overlay-type":"","overlay-color":"","overlay-opacity":"","overlay-gradient":""},"tablet":{"background-color":"var(--ast-global-color-5)","background-image":"","background-repeat":"repeat","background-position":"center center","background-size":"auto","background-attachment":"scroll","background-type":"","background-media":"","overlay-type":"","overlay-color":"","overlay-opacity":"","overlay-gradient":""},"mobile":{"background-color":"var(--ast-global-color-5)","background-image":"","background-repeat":"repeat","background-position":"center center","background-size":"auto","background-attachment":"scroll","background-type":"","background-media":"","overlay-type":"","overlay-color":"","overlay-opacity":"","overlay-gradient":""}},"footnotes":""},"class_list":["post-2576","page","type-page","status-publish","hentry"],"uagb_featured_image_src":{"full":false,"thumbnail":false,"medium":false,"medium_large":false,"large":false,"1536x1536":false,"2048x2048":false,"trp-custom-language-flag":false,"depicter-thumbnail":false,"woocommerce_thumbnail":false,"woocommerce_single":false,"woocommerce_gallery_thumbnail":false},"uagb_author_info":{"display_name":"khadypastry@gmail.com","author_link":"https:\/\/latelierkhadypastry.fr\/fr_fr\/author\/khadypastrygmail-com\/"},"uagb_comment_info":0,"uagb_excerpt":"Chez L&rsquo;atelier Khady Pastry nous s\u00e9lectionnons nos ingr\u00e9dients avec soin. Nos mati\u00e8res premi\u00e8res n&rsquo;ont plus de secret pour vous Pour les ingr\u00e9dients sp\u00e9cifiques au cookie choisis, se r\u00e9f\u00e9rer \u00e0 la liste pr\u00e9senter dans la fiche produit et du titre \ud83d\ude09 Mati\u00e8res premi\u00e8res de base pour tous nos cookies: Farine blanche Sucre cristal Sucre brun Oeufs\u2026","_links":{"self":[{"href":"https:\/\/latelierkhadypastry.fr\/fr_fr\/wp-json\/wp\/v2\/pages\/2576","targetHints":{"allow":["GET"]}}],"collection":[{"href":"https:\/\/latelierkhadypastry.fr\/fr_fr\/wp-json\/wp\/v2\/pages"}],"about":[{"href":"https:\/\/latelierkhadypastry.fr\/fr_fr\/wp-json\/wp\/v2\/types\/page"}],"author":[{"embeddable":true,"href":"https:\/\/latelierkhadypastry.fr\/fr_fr\/wp-json\/wp\/v2\/users\/1"}],"replies":[{"embeddable":true,"href":"https:\/\/latelierkhadypastry.fr\/fr_fr\/wp-json\/wp\/v2\/comments?post=2576"}],"version-history":[{"count":22,"href":"https:\/\/latelierkhadypastry.fr\/fr_fr\/wp-json\/wp\/v2\/pages\/2576\/revisions"}],"predecessor-version":[{"id":3402,"href":"https:\/\/latelierkhadypastry.fr\/fr_fr\/wp-json\/wp\/v2\/pages\/2576\/revisions\/3402"}],"wp:attachment":[{"href":"https:\/\/latelierkhadypastry.fr\/fr_fr\/wp-json\/wp\/v2\/media?parent=2576"}],"curies":[{"name":"wp","href":"https:\/\/api.w.org\/{rel}","templated":true}]}}