{"id":1879,"date":"2025-06-13T13:56:51","date_gmt":"2025-06-13T13:56:51","guid":{"rendered":"https:\/\/latelierkhadypastry.fr\/?post_type=product&#038;p=1879"},"modified":"2026-03-24T14:54:59","modified_gmt":"2026-03-24T14:54:59","slug":"boite-de-16-cookies-parfum-divers","status":"publish","type":"product","link":"https:\/\/latelierkhadypastry.fr\/fr_fr\/produit\/boite-de-16-cookies-parfum-divers\/","title":{"rendered":"Bo\u00eete de 16 cookies parfum divers"},"content":{"rendered":"","protected":false},"excerpt":{"rendered":"<p>Ceci est une invitation \u00e0 voyager \u00e0 travers des saveurs artisanales, pour toutes vos envies sucr\u00e9es. D\u00e9couvrez notre bo\u00eete de 16 cookies gourmands, chacun unique, avec des parfums vari\u00e9s : chocolat, pistache, Oreo, et plus encore<\/p>\n","protected":false},"featured_media":1770,"template":"","meta":{"_uag_custom_page_level_css":"","site-sidebar-layout":"no-sidebar","site-content-layout":"page-builder","ast-site-content-layout":"full-width-container","site-content-style":"default","site-sidebar-style":"default","ast-global-header-display":"","ast-banner-title-visibility":"","ast-main-header-display":"","ast-hfb-above-header-display":"","ast-hfb-below-header-display":"","ast-hfb-mobile-header-display":"","site-post-title":"","ast-breadcrumbs-content":"","ast-featured-img":"disabled","footer-sml-layout":"","theme-transparent-header-meta":"default","adv-header-id-meta":"","stick-header-meta":"","header-above-stick-meta":"","header-main-stick-meta":"","header-below-stick-meta":"","astra-migrate-meta-layouts":"set","ast-page-background-enabled":"default","ast-page-background-meta":{"desktop":{"background-color":"var(--ast-global-color-4)","background-image":"","background-repeat":"repeat","background-position":"center center","background-size":"auto","background-attachment":"scroll","background-type":"","background-media":"","overlay-type":"","overlay-color":"","overlay-opacity":"","overlay-gradient":""},"tablet":{"background-color":"","background-image":"","background-repeat":"repeat","background-position":"center center","background-size":"auto","background-attachment":"scroll","background-type":"","background-media":"","overlay-type":"","overlay-color":"","overlay-opacity":"","overlay-gradient":""},"mobile":{"background-color":"","background-image":"","background-repeat":"repeat","background-position":"center center","background-size":"auto","background-attachment":"scroll","background-type":"","background-media":"","overlay-type":"","overlay-color":"","overlay-opacity":"","overlay-gradient":""}},"ast-content-background-meta":{"desktop":{"background-color":"var(--ast-global-color-5)","background-image":"","background-repeat":"repeat","background-position":"center center","background-size":"auto","background-attachment":"scroll","background-type":"","background-media":"","overlay-type":"","overlay-color":"","overlay-opacity":"","overlay-gradient":""},"tablet":{"background-color":"var(--ast-global-color-5)","background-image":"","background-repeat":"repeat","background-position":"center center","background-size":"auto","background-attachment":"scroll","background-type":"","background-media":"","overlay-type":"","overlay-color":"","overlay-opacity":"","overlay-gradient":""},"mobile":{"background-color":"var(--ast-global-color-5)","background-image":"","background-repeat":"repeat","background-position":"center center","background-size":"auto","background-attachment":"scroll","background-type":"","background-media":"","overlay-type":"","overlay-color":"","overlay-opacity":"","overlay-gradient":""}}},"product_brand":[],"product_cat":[30,16],"product_tag":[],"class_list":{"0":"post-1879","1":"product","2":"type-product","3":"status-publish","4":"has-post-thumbnail","6":"product_cat-cookies-box","7":"product_cat-tous-nos-produits","8":"desktop-align-center","9":"tablet-align-left","10":"mobile-align-left","12":"first","13":"instock","14":"shipping-taxable","15":"purchasable","16":"product-type-composite"},"uagb_featured_image_src":{"full":["https:\/\/latelierkhadypastry.fr\/wp-content\/uploads\/2025\/06\/475428409_18055040849014146_518589014037245435_n.jpg",1440,1800,false],"thumbnail":["https:\/\/latelierkhadypastry.fr\/wp-content\/uploads\/2025\/06\/475428409_18055040849014146_518589014037245435_n-150x150.jpg",150,150,true],"medium":["https:\/\/latelierkhadypastry.fr\/wp-content\/uploads\/2025\/06\/475428409_18055040849014146_518589014037245435_n-240x300.jpg",240,300,true],"medium_large":["https:\/\/latelierkhadypastry.fr\/wp-content\/uploads\/2025\/06\/475428409_18055040849014146_518589014037245435_n-768x960.jpg",768,960,true],"large":["https:\/\/latelierkhadypastry.fr\/wp-content\/uploads\/2025\/06\/475428409_18055040849014146_518589014037245435_n-819x1024.jpg",819,1024,true],"1536x1536":["https:\/\/latelierkhadypastry.fr\/wp-content\/uploads\/2025\/06\/475428409_18055040849014146_518589014037245435_n-1229x1536.jpg",1229,1536,true],"2048x2048":["https:\/\/latelierkhadypastry.fr\/wp-content\/uploads\/2025\/06\/475428409_18055040849014146_518589014037245435_n.jpg",1440,1800,false],"trp-custom-language-flag":["https:\/\/latelierkhadypastry.fr\/wp-content\/uploads\/2025\/06\/475428409_18055040849014146_518589014037245435_n.jpg",10,12,false],"depicter-thumbnail":["https:\/\/latelierkhadypastry.fr\/wp-content\/uploads\/2025\/06\/475428409_18055040849014146_518589014037245435_n.jpg",200,250,false],"woocommerce_thumbnail":["https:\/\/latelierkhadypastry.fr\/wp-content\/uploads\/2025\/06\/475428409_18055040849014146_518589014037245435_n-300x375.jpg",300,375,true],"woocommerce_single":["https:\/\/latelierkhadypastry.fr\/wp-content\/uploads\/2025\/06\/475428409_18055040849014146_518589014037245435_n-600x750.jpg",600,750,true],"woocommerce_gallery_thumbnail":["https:\/\/latelierkhadypastry.fr\/wp-content\/uploads\/2025\/06\/475428409_18055040849014146_518589014037245435_n-100x100.jpg",100,100,true]},"uagb_author_info":{"display_name":"khadypastry@gmail.com","author_link":"https:\/\/latelierkhadypastry.fr\/fr_fr\/author\/"},"uagb_comment_info":0,"uagb_excerpt":"Ceci est une invitation \u00e0 voyager \u00e0 travers des saveurs artisanales, pour toutes vos envies sucr\u00e9es. D\u00e9couvrez notre bo\u00eete de 16 cookies gourmands, chacun unique, avec des parfums vari\u00e9s : chocolat, pistache, Oreo, et plus encore","_links":{"self":[{"href":"https:\/\/latelierkhadypastry.fr\/fr_fr\/wp-json\/wp\/v2\/product\/1879","targetHints":{"allow":["GET"]}}],"collection":[{"href":"https:\/\/latelierkhadypastry.fr\/fr_fr\/wp-json\/wp\/v2\/product"}],"about":[{"href":"https:\/\/latelierkhadypastry.fr\/fr_fr\/wp-json\/wp\/v2\/types\/product"}],"version-history":[{"count":2,"href":"https:\/\/latelierkhadypastry.fr\/fr_fr\/wp-json\/wp\/v2\/product\/1879\/revisions"}],"predecessor-version":[{"id":4119,"href":"https:\/\/latelierkhadypastry.fr\/fr_fr\/wp-json\/wp\/v2\/product\/1879\/revisions\/4119"}],"wp:featuredmedia":[{"embeddable":true,"href":"https:\/\/latelierkhadypastry.fr\/fr_fr\/wp-json\/wp\/v2\/media\/1770"}],"wp:attachment":[{"href":"https:\/\/latelierkhadypastry.fr\/fr_fr\/wp-json\/wp\/v2\/media?parent=1879"}],"wp:term":[{"taxonomy":"product_brand","embeddable":true,"href":"https:\/\/latelierkhadypastry.fr\/fr_fr\/wp-json\/wp\/v2\/product_brand?post=1879"},{"taxonomy":"product_cat","embeddable":true,"href":"https:\/\/latelierkhadypastry.fr\/fr_fr\/wp-json\/wp\/v2\/product_cat?post=1879"},{"taxonomy":"product_tag","embeddable":true,"href":"https:\/\/latelierkhadypastry.fr\/fr_fr\/wp-json\/wp\/v2\/product_tag?post=1879"}],"curies":[{"name":"wp","href":"https:\/\/api.w.org\/{rel}","templated":true}]}}