{"id":2707,"date":"2025-07-26T10:42:15","date_gmt":"2025-07-26T10:42:15","guid":{"rendered":"https:\/\/latelierkhadypastry.fr\/?post_type=product&#038;p=2707"},"modified":"2026-03-25T11:37:32","modified_gmt":"2026-03-25T11:37:32","slug":"cookies-dark-chocolat","status":"publish","type":"product","link":"https:\/\/latelierkhadypastry.fr\/fr_fr\/produit\/cookies-dark-chocolat\/","title":{"rendered":"Cookies dark chocolat"},"content":{"rendered":"<p>Un cookie intense, con\u00e7u pour les vrais amateurs de chocolat noir. Ce biscuit g\u00e9n\u00e9reux de 80 g est un concentr\u00e9 de profondeur : un c\u0153ur moelleux de cacao noir, relev\u00e9 par une pointe subtile de sel, qui amplifie chaque note. Le chocolat intense se marie \u00e0 la perfection avec une texture l\u00e9g\u00e8rement croquante \u00e0 l\u2019ext\u00e9rieur et fondante \u00e0 l\u2019int\u00e9rieur. Pr\u00e9par\u00e9s avec des ingr\u00e9dients bruts, s\u00e9lectionn\u00e9s avec soin dans mon atelier parisien, ces cookies sont une ode \u00e0 l\u2019intensit\u00e9, \u00e0 l\u2019authenticit\u00e9 et au plaisir pur. Un voyage gustatif qui vous transporte \u00e0 chaque bouch\u00e9e, parfait pour un moment de r\u00e9confort ou pour sublimer vos pauses caf\u00e9.<\/p>\n","protected":false},"excerpt":{"rendered":"<p>Il \u00e9tait une fois\u2026 un cookie au caract\u00e8re bien tremp\u00e9, imagin\u00e9 pour les amoureux du vrai chocolat.<br \/>\nUn biscuit g\u00e9n\u00e9reux de 80 g, croustillant sur les bords, fondant \u00e0 l\u2019int\u00e9rieur, o\u00f9 le chocolat noir r\u00e9v\u00e8le toute sa puissance, adoucie par la vanille naturelle et sublim\u00e9e par une pointe de sel.<\/p>\n<p>N\u00e9 dans mon atelier, ce cookie est plus qu\u2019une gourmandise : c\u2019est une exp\u00e9rience sensorielle, un voyage entre amertume d\u00e9licate et douceur sucr\u00e9e.<br \/>\nConfectionn\u00e9 maison avec des ingr\u00e9dients bruts et sinc\u00e8res :<br \/>\n\u2728 Chocolat noir<br \/>\n\u2728 Beurre frais<br \/>\n\u2728 Farine<br \/>\n\u2728 Sucre<br \/>\n\u2728 \u0152ufs<br \/>\n\u2728 Vanille naturelle<br \/>\n\u2728 Une pinc\u00e9e de sel<\/p>\n<p>\ud83d\udc49 Une cr\u00e9ation authentique, \u00e0 savourer seul(e) ou \u00e0 partager\u2026 si vous y arrivez !<\/p>\n","protected":false},"featured_media":3616,"template":"","meta":{"_uag_custom_page_level_css":"","site-sidebar-layout":"default","site-content-layout":"","ast-site-content-layout":"default","site-content-style":"default","site-sidebar-style":"default","ast-global-header-display":"","ast-banner-title-visibility":"","ast-main-header-display":"","ast-hfb-above-header-display":"","ast-hfb-below-header-display":"","ast-hfb-mobile-header-display":"","site-post-title":"","ast-breadcrumbs-content":"","ast-featured-img":"","footer-sml-layout":"","theme-transparent-header-meta":"default","adv-header-id-meta":"","stick-header-meta":"","header-above-stick-meta":"","header-main-stick-meta":"","header-below-stick-meta":"","astra-migrate-meta-layouts":"set","ast-page-background-enabled":"default","ast-page-background-meta":{"desktop":{"background-color":"var(--ast-global-color-4)","background-image":"","background-repeat":"repeat","background-position":"center center","background-size":"auto","background-attachment":"scroll","background-type":"","background-media":"","overlay-type":"","overlay-color":"","overlay-opacity":"","overlay-gradient":""},"tablet":{"background-color":"","background-image":"","background-repeat":"repeat","background-position":"center center","background-size":"auto","background-attachment":"scroll","background-type":"","background-media":"","overlay-type":"","overlay-color":"","overlay-opacity":"","overlay-gradient":""},"mobile":{"background-color":"","background-image":"","background-repeat":"repeat","background-position":"center center","background-size":"auto","background-attachment":"scroll","background-type":"","background-media":"","overlay-type":"","overlay-color":"","overlay-opacity":"","overlay-gradient":""}},"ast-content-background-meta":{"desktop":{"background-color":"var(--ast-global-color-5)","background-image":"","background-repeat":"repeat","background-position":"center center","background-size":"auto","background-attachment":"scroll","background-type":"","background-media":"","overlay-type":"","overlay-color":"","overlay-opacity":"","overlay-gradient":""},"tablet":{"background-color":"var(--ast-global-color-5)","background-image":"","background-repeat":"repeat","background-position":"center center","background-size":"auto","background-attachment":"scroll","background-type":"","background-media":"","overlay-type":"","overlay-color":"","overlay-opacity":"","overlay-gradient":""},"mobile":{"background-color":"var(--ast-global-color-5)","background-image":"","background-repeat":"repeat","background-position":"center center","background-size":"auto","background-attachment":"scroll","background-type":"","background-media":"","overlay-type":"","overlay-color":"","overlay-opacity":"","overlay-gradient":""}}},"product_brand":[],"product_cat":[17,16],"product_tag":[],"class_list":{"0":"post-2707","1":"product","2":"type-product","3":"status-publish","4":"has-post-thumbnail","6":"product_cat-cookies-a-lunite","7":"product_cat-tous-nos-produits","8":"desktop-align-center","9":"tablet-align-left","10":"mobile-align-left","12":"first","13":"instock","14":"shipping-taxable","15":"purchasable","16":"product-type-variable","17":"wpzoom-wc-spi-has-enabled"},"uagb_featured_image_src":{"full":["https:\/\/latelierkhadypastry.fr\/wp-content\/uploads\/2025\/07\/Radija_Patisserie_RaveFrancois_Insta-13-copie.webp",600,600,false],"thumbnail":["https:\/\/latelierkhadypastry.fr\/wp-content\/uploads\/2025\/07\/Radija_Patisserie_RaveFrancois_Insta-13-copie-150x150.webp",150,150,true],"medium":["https:\/\/latelierkhadypastry.fr\/wp-content\/uploads\/2025\/07\/Radija_Patisserie_RaveFrancois_Insta-13-copie-300x300.webp",300,300,true],"medium_large":["https:\/\/latelierkhadypastry.fr\/wp-content\/uploads\/2025\/07\/Radija_Patisserie_RaveFrancois_Insta-13-copie.webp",600,600,false],"large":["https:\/\/latelierkhadypastry.fr\/wp-content\/uploads\/2025\/07\/Radija_Patisserie_RaveFrancois_Insta-13-copie.webp",600,600,false],"1536x1536":["https:\/\/latelierkhadypastry.fr\/wp-content\/uploads\/2025\/07\/Radija_Patisserie_RaveFrancois_Insta-13-copie.webp",600,600,false],"2048x2048":["https:\/\/latelierkhadypastry.fr\/wp-content\/uploads\/2025\/07\/Radija_Patisserie_RaveFrancois_Insta-13-copie.webp",600,600,false],"trp-custom-language-flag":["https:\/\/latelierkhadypastry.fr\/wp-content\/uploads\/2025\/07\/Radija_Patisserie_RaveFrancois_Insta-13-copie-12x12.webp",12,12,true],"depicter-thumbnail":["https:\/\/latelierkhadypastry.fr\/wp-content\/uploads\/2025\/07\/Radija_Patisserie_RaveFrancois_Insta-13-copie-200x200.webp",200,200,true],"woocommerce_thumbnail":["https:\/\/latelierkhadypastry.fr\/wp-content\/uploads\/2025\/07\/Radija_Patisserie_RaveFrancois_Insta-13-copie-300x300.webp",300,300,true],"woocommerce_single":["https:\/\/latelierkhadypastry.fr\/wp-content\/uploads\/2025\/07\/Radija_Patisserie_RaveFrancois_Insta-13-copie.webp",600,600,false],"woocommerce_gallery_thumbnail":["https:\/\/latelierkhadypastry.fr\/wp-content\/uploads\/2025\/07\/Radija_Patisserie_RaveFrancois_Insta-13-copie-100x100.webp",100,100,true]},"uagb_author_info":{"display_name":"khadypastry@gmail.com","author_link":"https:\/\/latelierkhadypastry.fr\/fr_fr\/author\/"},"uagb_comment_info":0,"uagb_excerpt":"Il \u00e9tait une fois\u2026 un cookie au caract\u00e8re bien tremp\u00e9, imagin\u00e9 pour les amoureux du vrai chocolat. Un biscuit g\u00e9n\u00e9reux de 80 g, croustillant sur les bords, fondant \u00e0 l\u2019int\u00e9rieur, o\u00f9 le chocolat noir r\u00e9v\u00e8le toute sa puissance, adoucie par la vanille naturelle et sublim\u00e9e par une pointe de sel. N\u00e9 dans mon atelier, ce\u2026","_links":{"self":[{"href":"https:\/\/latelierkhadypastry.fr\/fr_fr\/wp-json\/wp\/v2\/product\/2707","targetHints":{"allow":["GET"]}}],"collection":[{"href":"https:\/\/latelierkhadypastry.fr\/fr_fr\/wp-json\/wp\/v2\/product"}],"about":[{"href":"https:\/\/latelierkhadypastry.fr\/fr_fr\/wp-json\/wp\/v2\/types\/product"}],"version-history":[{"count":6,"href":"https:\/\/latelierkhadypastry.fr\/fr_fr\/wp-json\/wp\/v2\/product\/2707\/revisions"}],"predecessor-version":[{"id":4137,"href":"https:\/\/latelierkhadypastry.fr\/fr_fr\/wp-json\/wp\/v2\/product\/2707\/revisions\/4137"}],"wp:featuredmedia":[{"embeddable":true,"href":"https:\/\/latelierkhadypastry.fr\/fr_fr\/wp-json\/wp\/v2\/media\/3616"}],"wp:attachment":[{"href":"https:\/\/latelierkhadypastry.fr\/fr_fr\/wp-json\/wp\/v2\/media?parent=2707"}],"wp:term":[{"taxonomy":"product_brand","embeddable":true,"href":"https:\/\/latelierkhadypastry.fr\/fr_fr\/wp-json\/wp\/v2\/product_brand?post=2707"},{"taxonomy":"product_cat","embeddable":true,"href":"https:\/\/latelierkhadypastry.fr\/fr_fr\/wp-json\/wp\/v2\/product_cat?post=2707"},{"taxonomy":"product_tag","embeddable":true,"href":"https:\/\/latelierkhadypastry.fr\/fr_fr\/wp-json\/wp\/v2\/product_tag?post=2707"}],"curies":[{"name":"wp","href":"https:\/\/api.w.org\/{rel}","templated":true}]}}