{"id":85,"date":"2025-06-12T08:34:08","date_gmt":"2025-06-12T08:34:08","guid":{"rendered":"https:\/\/latelierkhadypastry.fr\/produit\/unique-wooden-vase\/"},"modified":"2026-03-25T11:29:50","modified_gmt":"2026-03-25T11:29:50","slug":"cookies-pistache-framboises","status":"publish","type":"product","link":"https:\/\/latelierkhadypastry.fr\/fr_fr\/produit\/cookies-pistache-framboises\/","title":{"rendered":"Cookies pistache framboises"},"content":{"rendered":"<div class=\"text-base my-auto mx-auto [--thread-content-margin:var(--thread-content-margin-xs,calc(var(--spacing)*4))] @w-sm\/main:[--thread-content-margin:var(--thread-content-margin-sm,calc(var(--spacing)*6))] @w-lg\/main:[--thread-content-margin:var(--thread-content-margin-lg,calc(var(--spacing)*16))] px-(--thread-content-margin)\">\n<div class=\"[--thread-content-max-width:40rem] @w-lg\/main:[--thread-content-max-width:48rem] mx-auto max-w-(--thread-content-max-width) flex-1 group\/turn-messages focus-visible:outline-hidden relative flex w-full min-w-0 flex-col agent-turn\">\n<div class=\"flex max-w-full flex-col gap-4 grow\">\n<div class=\"min-h-8 text-message relative flex w-full flex-col items-end gap-2 text-start break-words whitespace-normal outline-none keyboard-focused:focus-ring [.text-message+&amp;]:mt-1\" dir=\"auto\" data-message-author-role=\"assistant\" data-message-id=\"5a338847-a3d8-4bbd-88bd-cae54a25a6be\">\n<div class=\"flex w-full flex-col gap-1 empty:hidden\">\n<div class=\"markdown prose dark:prose-invert w-full wrap-break-word dark markdown-new-styling\">\n<p data-start=\"90\" data-end=\"801\" data-is-last-node=\"\" data-is-only-node=\"\">Un cookie d\u00e9licat, n\u00e9 de l\u2019harmonie entre la noblesse de la pistache et l\u2019\u00e9clat acidul\u00e9 de la framboise. Chaque cookie, avec ses 80 g, est une invitation au voyage, avec un c\u0153ur fondant de pralin\u00e9 pistache, des \u00e9clats croquants de pistaches torr\u00e9fi\u00e9es, et la fra\u00eecheur vibrante de la framboise. Le mariage des textures est subtil : le croquant, le fondant, la douceur et l\u2019acidit\u00e9, le tout sublim\u00e9 par une pointe de vanille naturelle. Confectionn\u00e9s avec passion dans mon atelier \u00e0 Paris, ces cookies sont un hommage aux saveurs raffin\u00e9es, \u00e0 l\u2019\u00e9l\u00e9gance des contrastes, une bouch\u00e9e qui surprend \u00e0 chaque fois. Offrez-vous ce petit moment de magie, \u00e0 partager ou \u00e0 garder comme un secret gourmand.<\/p>\n<\/div>\n<\/div>\n<\/div>\n<\/div>\n<\/div>\n<\/div>\n","protected":false},"excerpt":{"rendered":"<p>Il \u00e9tait une fois\u2026 un cookie aux allures de bijou, une cr\u00e9ation pleine de contraste et d\u2019\u00e9l\u00e9gance, o\u00f9 la gourmandise rencontre la fra\u00eecheur.<\/p>\n<p>Un biscuit g\u00e9n\u00e9reux de 80 g, \u00e0 la texture fondante, qui marie le croquant des \u00e9clats de pistaches, la douceur du pralin\u00e9 pistache, l\u2019onctuosit\u00e9 du chocolat blanc, et la framboise acidul\u00e9e qui vient twister chaque bouch\u00e9e.<\/p>\n<p>Un \u00e9quilibre parfait entre douceur, intensit\u00e9 et fra\u00eecheur, imagin\u00e9 comme une parenth\u00e8se enchant\u00e9e \u00e0 savourer sans culpabilit\u00e9.<\/p>\n<p>Pr\u00e9par\u00e9 avec soin dans mon atelier, \u00e0 partir d\u2019ingr\u00e9dients d\u2019exception :<br \/>\n\u2728 Framboises<br \/>\n\u2728 Pistaches torr\u00e9fi\u00e9es<br \/>\n\u2728 Pralin\u00e9 pistache maison<br \/>\n\u2728 Chocolat blanc<br \/>\n\u2728 Beurre<br \/>\n\u2728 Farine<br \/>\n\u2728 Sucre<br \/>\n\u2728 \u0152ufs frais<br \/>\n\u2728 Vanille naturelle<br \/>\n\u2728 Une pinc\u00e9e de sel<\/p>\n<p>\ud83d\udc49 Un cookie frais, fondant et d\u00e9licatement parfum\u00e9, qui surprend \u00e0 chaque bouch\u00e9e. Une invitation \u00e0 la gourmandise chic et g\u00e9n\u00e9reuse.<\/p>\n","protected":false},"featured_media":3604,"template":"","meta":{"_uag_custom_page_level_css":"","site-sidebar-layout":"default","site-content-layout":"default","ast-site-content-layout":"default","site-content-style":"default","site-sidebar-style":"default","ast-global-header-display":"","ast-banner-title-visibility":"","ast-main-header-display":"","ast-hfb-above-header-display":"","ast-hfb-below-header-display":"","ast-hfb-mobile-header-display":"","site-post-title":"","ast-breadcrumbs-content":"","ast-featured-img":"","footer-sml-layout":"","theme-transparent-header-meta":"default","adv-header-id-meta":"","stick-header-meta":"","header-above-stick-meta":"","header-main-stick-meta":"","header-below-stick-meta":"","astra-migrate-meta-layouts":"set","ast-page-background-enabled":"default","ast-page-background-meta":{"desktop":{"background-color":"var(--ast-global-color-4)","background-image":"","background-repeat":"repeat","background-position":"center center","background-size":"auto","background-attachment":"scroll","background-type":"","background-media":"","overlay-type":"","overlay-color":"","overlay-opacity":"","overlay-gradient":""},"tablet":{"background-color":"","background-image":"","background-repeat":"repeat","background-position":"center center","background-size":"auto","background-attachment":"scroll","background-type":"","background-media":"","overlay-type":"","overlay-color":"","overlay-opacity":"","overlay-gradient":""},"mobile":{"background-color":"","background-image":"","background-repeat":"repeat","background-position":"center center","background-size":"auto","background-attachment":"scroll","background-type":"","background-media":"","overlay-type":"","overlay-color":"","overlay-opacity":"","overlay-gradient":""}},"ast-content-background-meta":{"desktop":{"background-color":"var(--ast-global-color-5)","background-image":"","background-repeat":"repeat","background-position":"center center","background-size":"auto","background-attachment":"scroll","background-type":"","background-media":"","overlay-type":"","overlay-color":"","overlay-opacity":"","overlay-gradient":""},"tablet":{"background-color":"var(--ast-global-color-5)","background-image":"","background-repeat":"repeat","background-position":"center center","background-size":"auto","background-attachment":"scroll","background-type":"","background-media":"","overlay-type":"","overlay-color":"","overlay-opacity":"","overlay-gradient":""},"mobile":{"background-color":"var(--ast-global-color-5)","background-image":"","background-repeat":"repeat","background-position":"center center","background-size":"auto","background-attachment":"scroll","background-type":"","background-media":"","overlay-type":"","overlay-color":"","overlay-opacity":"","overlay-gradient":""}}},"product_brand":[],"product_cat":[17,16],"product_tag":[],"class_list":{"0":"post-85","1":"product","2":"type-product","3":"status-publish","4":"has-post-thumbnail","6":"product_cat-cookies-a-lunite","7":"product_cat-tous-nos-produits","8":"desktop-align-center","9":"tablet-align-left","10":"mobile-align-left","12":"first","13":"instock","14":"shipping-taxable","15":"purchasable","16":"product-type-variable","17":"wpzoom-wc-spi-has-enabled"},"uagb_featured_image_src":{"full":["https:\/\/latelierkhadypastry.fr\/wp-content\/uploads\/2025\/07\/Radija_Patisserie_RaveFrancois_Insta-copie.webp",600,600,false],"thumbnail":["https:\/\/latelierkhadypastry.fr\/wp-content\/uploads\/2025\/07\/Radija_Patisserie_RaveFrancois_Insta-copie-150x150.webp",150,150,true],"medium":["https:\/\/latelierkhadypastry.fr\/wp-content\/uploads\/2025\/07\/Radija_Patisserie_RaveFrancois_Insta-copie-300x300.webp",300,300,true],"medium_large":["https:\/\/latelierkhadypastry.fr\/wp-content\/uploads\/2025\/07\/Radija_Patisserie_RaveFrancois_Insta-copie.webp",600,600,false],"large":["https:\/\/latelierkhadypastry.fr\/wp-content\/uploads\/2025\/07\/Radija_Patisserie_RaveFrancois_Insta-copie.webp",600,600,false],"1536x1536":["https:\/\/latelierkhadypastry.fr\/wp-content\/uploads\/2025\/07\/Radija_Patisserie_RaveFrancois_Insta-copie.webp",600,600,false],"2048x2048":["https:\/\/latelierkhadypastry.fr\/wp-content\/uploads\/2025\/07\/Radija_Patisserie_RaveFrancois_Insta-copie.webp",600,600,false],"trp-custom-language-flag":["https:\/\/latelierkhadypastry.fr\/wp-content\/uploads\/2025\/07\/Radija_Patisserie_RaveFrancois_Insta-copie-12x12.webp",12,12,true],"depicter-thumbnail":["https:\/\/latelierkhadypastry.fr\/wp-content\/uploads\/2025\/07\/Radija_Patisserie_RaveFrancois_Insta-copie-200x200.webp",200,200,true],"woocommerce_thumbnail":["https:\/\/latelierkhadypastry.fr\/wp-content\/uploads\/2025\/07\/Radija_Patisserie_RaveFrancois_Insta-copie-300x300.webp",300,300,true],"woocommerce_single":["https:\/\/latelierkhadypastry.fr\/wp-content\/uploads\/2025\/07\/Radija_Patisserie_RaveFrancois_Insta-copie.webp",600,600,false],"woocommerce_gallery_thumbnail":["https:\/\/latelierkhadypastry.fr\/wp-content\/uploads\/2025\/07\/Radija_Patisserie_RaveFrancois_Insta-copie-100x100.webp",100,100,true]},"uagb_author_info":{"display_name":"khadypastry@gmail.com","author_link":"https:\/\/latelierkhadypastry.fr\/fr_fr\/author\/"},"uagb_comment_info":0,"uagb_excerpt":"Il \u00e9tait une fois\u2026 un cookie aux allures de bijou, une cr\u00e9ation pleine de contraste et d\u2019\u00e9l\u00e9gance, o\u00f9 la gourmandise rencontre la fra\u00eecheur. Un biscuit g\u00e9n\u00e9reux de 80 g, \u00e0 la texture fondante, qui marie le croquant des \u00e9clats de pistaches, la douceur du pralin\u00e9 pistache, l\u2019onctuosit\u00e9 du chocolat blanc, et la framboise acidul\u00e9e qui\u2026","_links":{"self":[{"href":"https:\/\/latelierkhadypastry.fr\/fr_fr\/wp-json\/wp\/v2\/product\/85","targetHints":{"allow":["GET"]}}],"collection":[{"href":"https:\/\/latelierkhadypastry.fr\/fr_fr\/wp-json\/wp\/v2\/product"}],"about":[{"href":"https:\/\/latelierkhadypastry.fr\/fr_fr\/wp-json\/wp\/v2\/types\/product"}],"version-history":[{"count":7,"href":"https:\/\/latelierkhadypastry.fr\/fr_fr\/wp-json\/wp\/v2\/product\/85\/revisions"}],"predecessor-version":[{"id":4135,"href":"https:\/\/latelierkhadypastry.fr\/fr_fr\/wp-json\/wp\/v2\/product\/85\/revisions\/4135"}],"wp:featuredmedia":[{"embeddable":true,"href":"https:\/\/latelierkhadypastry.fr\/fr_fr\/wp-json\/wp\/v2\/media\/3604"}],"wp:attachment":[{"href":"https:\/\/latelierkhadypastry.fr\/fr_fr\/wp-json\/wp\/v2\/media?parent=85"}],"wp:term":[{"taxonomy":"product_brand","embeddable":true,"href":"https:\/\/latelierkhadypastry.fr\/fr_fr\/wp-json\/wp\/v2\/product_brand?post=85"},{"taxonomy":"product_cat","embeddable":true,"href":"https:\/\/latelierkhadypastry.fr\/fr_fr\/wp-json\/wp\/v2\/product_cat?post=85"},{"taxonomy":"product_tag","embeddable":true,"href":"https:\/\/latelierkhadypastry.fr\/fr_fr\/wp-json\/wp\/v2\/product_tag?post=85"}],"curies":[{"name":"wp","href":"https:\/\/api.w.org\/{rel}","templated":true}]}}