{"id":87,"date":"2025-06-12T08:34:08","date_gmt":"2025-06-12T08:34:08","guid":{"rendered":"https:\/\/latelierkhadypastry.fr\/produit\/colorful-bottle\/"},"modified":"2026-03-25T11:25:07","modified_gmt":"2026-03-25T11:25:07","slug":"colorful-bottle","status":"publish","type":"product","link":"https:\/\/latelierkhadypastry.fr\/fr_fr\/produit\/colorful-bottle\/","title":{"rendered":"Cookies cacahu\u00e8te"},"content":{"rendered":"<div class=\"flex flex-col text-sm pb-25\">\n<section class=\"text-token-text-primary w-full focus:outline-none [--shadow-height:45px] has-data-writing-block:pointer-events-none has-data-writing-block:-mt-(--shadow-height) has-data-writing-block:pt-(--shadow-height) [&amp;:has([data-writing-block])&gt;*]:pointer-events-auto scroll-mt-[calc(var(--header-height)+min(200px,max(70px,20svh)))]\" dir=\"auto\" data-turn-id=\"143234f8-64c7-4b02-aa56-041a81492b2b\" data-testid=\"conversation-turn-136\" data-scroll-anchor=\"true\" data-turn=\"assistant\">\n<div class=\"text-base my-auto mx-auto pb-10 [--thread-content-margin:var(--thread-content-margin-xs,calc(var(--spacing)*4))] @w-sm\/main:[--thread-content-margin:var(--thread-content-margin-sm,calc(var(--spacing)*6))] @w-lg\/main:[--thread-content-margin:var(--thread-content-margin-lg,calc(var(--spacing)*16))] px-(--thread-content-margin)\">\n<div class=\"[--thread-content-max-width:40rem] @w-lg\/main:[--thread-content-max-width:48rem] mx-auto max-w-(--thread-content-max-width) flex-1 group\/turn-messages focus-visible:outline-hidden relative flex w-full min-w-0 flex-col agent-turn\">\n<div class=\"flex max-w-full flex-col gap-4 grow\">\n<div class=\"min-h-8 text-message relative flex w-full flex-col items-end gap-2 text-start break-words whitespace-normal outline-none keyboard-focused:focus-ring [.text-message+&amp;]:mt-1\" dir=\"auto\" tabindex=\"0\" data-message-author-role=\"assistant\" data-message-id=\"143234f8-64c7-4b02-aa56-041a81492b2b\" data-turn-start-message=\"true\">\n<div class=\"flex w-full flex-col gap-1 empty:hidden\">\n<div class=\"markdown prose dark:prose-invert w-full wrap-break-word dark markdown-new-styling\">\n<p data-start=\"133\" data-end=\"885\" data-is-last-node=\"\" data-is-only-node=\"\">Un cookie audacieu&#8230; n\u00e9 de l\u2019alliance parfaite entre la douceur du chocolat au lait et le croquant irr\u00e9sistible des cacahu\u00e8tes grill\u00e9es. Chaque bouch\u00e9e, g\u00e9n\u00e9reuse avec ses 80 g, r\u00e9v\u00e8le un parfait \u00e9quilibre entre fondant et croquant. Le beurre frais se marie aux \u00e9clats de cacahu\u00e8tes torr\u00e9fi\u00e9es, tandis que le chocolat au lait fond doucement, sublim\u00e9 par une pointe de sel qui r\u00e9veille chaque ar\u00f4me. Dans mon atelier parisien, j\u2019ai imagin\u00e9 ce cookie comme un hommage aux textures riches, aux souvenirs d\u2019enfance, et aux petits plaisirs coupables. Pr\u00e9par\u00e9s avec des ingr\u00e9dients bruts, choisis avec soin, ces cookies sont une invitation \u00e0 croquer dans l\u2019authenticit\u00e9, \u00e0 savourer le m\u00e9lange audacieux, \u00e0 partager ou \u00e0 garder jalousement.<\/p>\n<\/div>\n<\/div>\n<\/div>\n<\/div>\n<div class=\"z-0 flex min-h-[46px] justify-start\"><\/div>\n<div class=\"mt-3 w-full empty:hidden\"><\/div>\n<\/div>\n<\/div>\n<\/section>\n<\/div>\n<div class=\"pointer-events-none h-px w-px absolute bottom-0\" aria-hidden=\"true\" data-edge=\"true\"><\/div>\n","protected":false},"excerpt":{"rendered":"<p>Il \u00e9tait une fois\u2026 un cookie audacieux, n\u00e9 d\u2019un mariage parfait entre la tendresse du chocolat au lait, le croquant des cacahu\u00e8tes grill\u00e9es et la richesse intense de la poudre de cacao.<\/p>\n<p>Un cookie g\u00e9n\u00e9reux de 80 g, \u00e0 la fois fondant et l\u00e9g\u00e8rement croustillant, imagin\u00e9 pour celles et ceux qui aiment les saveurs contrast\u00e9es, les textures r\u00e9confortantes et les instants de pur plaisir.<\/p>\n<p>Dans mon atelier, je l\u2019ai cr\u00e9\u00e9 comme une gourmandise assum\u00e9e, un \u00e9quilibre entre douceur chocolat\u00e9e, force du cacao et caract\u00e8re des fruits secs.<\/p>\n<p>Pr\u00e9par\u00e9 maison avec amour et des ingr\u00e9dients bruts et vrais :<br \/>\n\u2728 Chocolat au lait<br \/>\n\u2728 Cacahu\u00e8tes grill\u00e9es<br \/>\n\u2728 Poudre de cacao<br \/>\n\u2728 Beurre<br \/>\n\u2728 Farine<br \/>\n\u2728 Sucre<br \/>\n\u2728 \u0152ufs frais<br \/>\n\u2728 Vanille naturelle<br \/>\n\u2728 Une pinc\u00e9e de sel<\/p>\n<p>\ud83d\udc49 Un cookie plein de personnalit\u00e9, aussi irr\u00e9sistible qu\u2019un souvenir d\u2019enfance, \u00e0 savourer lentement\u2026 ou \u00e0 d\u00e9vorer sans attendre.<\/p>\n","protected":false},"featured_media":1759,"template":"","meta":{"_uag_custom_page_level_css":"","site-sidebar-layout":"default","site-content-layout":"default","ast-site-content-layout":"default","site-content-style":"default","site-sidebar-style":"default","ast-global-header-display":"","ast-banner-title-visibility":"","ast-main-header-display":"","ast-hfb-above-header-display":"","ast-hfb-below-header-display":"","ast-hfb-mobile-header-display":"","site-post-title":"","ast-breadcrumbs-content":"","ast-featured-img":"","footer-sml-layout":"","theme-transparent-header-meta":"default","adv-header-id-meta":"","stick-header-meta":"","header-above-stick-meta":"","header-main-stick-meta":"","header-below-stick-meta":"","astra-migrate-meta-layouts":"set","ast-page-background-enabled":"default","ast-page-background-meta":{"desktop":{"background-color":"var(--ast-global-color-4)","background-image":"","background-repeat":"repeat","background-position":"center center","background-size":"auto","background-attachment":"scroll","background-type":"","background-media":"","overlay-type":"","overlay-color":"","overlay-opacity":"","overlay-gradient":""},"tablet":{"background-color":"","background-image":"","background-repeat":"repeat","background-position":"center center","background-size":"auto","background-attachment":"scroll","background-type":"","background-media":"","overlay-type":"","overlay-color":"","overlay-opacity":"","overlay-gradient":""},"mobile":{"background-color":"","background-image":"","background-repeat":"repeat","background-position":"center center","background-size":"auto","background-attachment":"scroll","background-type":"","background-media":"","overlay-type":"","overlay-color":"","overlay-opacity":"","overlay-gradient":""}},"ast-content-background-meta":{"desktop":{"background-color":"var(--ast-global-color-5)","background-image":"","background-repeat":"repeat","background-position":"center center","background-size":"auto","background-attachment":"scroll","background-type":"","background-media":"","overlay-type":"","overlay-color":"","overlay-opacity":"","overlay-gradient":""},"tablet":{"background-color":"var(--ast-global-color-5)","background-image":"","background-repeat":"repeat","background-position":"center center","background-size":"auto","background-attachment":"scroll","background-type":"","background-media":"","overlay-type":"","overlay-color":"","overlay-opacity":"","overlay-gradient":""},"mobile":{"background-color":"var(--ast-global-color-5)","background-image":"","background-repeat":"repeat","background-position":"center center","background-size":"auto","background-attachment":"scroll","background-type":"","background-media":"","overlay-type":"","overlay-color":"","overlay-opacity":"","overlay-gradient":""}}},"product_brand":[],"product_cat":[17,16],"product_tag":[],"class_list":{"0":"post-87","1":"product","2":"type-product","3":"status-publish","4":"has-post-thumbnail","6":"product_cat-cookies-a-lunite","7":"product_cat-tous-nos-produits","8":"desktop-align-center","9":"tablet-align-left","10":"mobile-align-left","12":"first","13":"instock","14":"shipping-taxable","15":"purchasable","16":"product-type-variable"},"uagb_featured_image_src":{"full":["https:\/\/latelierkhadypastry.fr\/wp-content\/uploads\/2025\/06\/472446462_1717443832149093_3920808552400734851_n.jpg",1440,810,false],"thumbnail":["https:\/\/latelierkhadypastry.fr\/wp-content\/uploads\/2025\/06\/472446462_1717443832149093_3920808552400734851_n-150x150.jpg",150,150,true],"medium":["https:\/\/latelierkhadypastry.fr\/wp-content\/uploads\/2025\/06\/472446462_1717443832149093_3920808552400734851_n-300x169.jpg",300,169,true],"medium_large":["https:\/\/latelierkhadypastry.fr\/wp-content\/uploads\/2025\/06\/472446462_1717443832149093_3920808552400734851_n-768x432.jpg",768,432,true],"large":["https:\/\/latelierkhadypastry.fr\/wp-content\/uploads\/2025\/06\/472446462_1717443832149093_3920808552400734851_n-1024x576.jpg",1024,576,true],"1536x1536":["https:\/\/latelierkhadypastry.fr\/wp-content\/uploads\/2025\/06\/472446462_1717443832149093_3920808552400734851_n.jpg",1440,810,false],"2048x2048":["https:\/\/latelierkhadypastry.fr\/wp-content\/uploads\/2025\/06\/472446462_1717443832149093_3920808552400734851_n.jpg",1440,810,false],"trp-custom-language-flag":["https:\/\/latelierkhadypastry.fr\/wp-content\/uploads\/2025\/06\/472446462_1717443832149093_3920808552400734851_n.jpg",18,10,false],"depicter-thumbnail":["https:\/\/latelierkhadypastry.fr\/wp-content\/uploads\/2025\/06\/472446462_1717443832149093_3920808552400734851_n.jpg",200,113,false],"woocommerce_thumbnail":["https:\/\/latelierkhadypastry.fr\/wp-content\/uploads\/2025\/06\/472446462_1717443832149093_3920808552400734851_n-300x169.jpg",300,169,true],"woocommerce_single":["https:\/\/latelierkhadypastry.fr\/wp-content\/uploads\/2025\/06\/472446462_1717443832149093_3920808552400734851_n-600x338.jpg",600,338,true],"woocommerce_gallery_thumbnail":["https:\/\/latelierkhadypastry.fr\/wp-content\/uploads\/2025\/06\/472446462_1717443832149093_3920808552400734851_n-100x100.jpg",100,100,true]},"uagb_author_info":{"display_name":"khadypastry@gmail.com","author_link":"https:\/\/latelierkhadypastry.fr\/fr_fr\/author\/"},"uagb_comment_info":0,"uagb_excerpt":"Il \u00e9tait une fois\u2026 un cookie audacieux, n\u00e9 d\u2019un mariage parfait entre la tendresse du chocolat au lait, le croquant des cacahu\u00e8tes grill\u00e9es et la richesse intense de la poudre de cacao. Un cookie g\u00e9n\u00e9reux de 80 g, \u00e0 la fois fondant et l\u00e9g\u00e8rement croustillant, imagin\u00e9 pour celles et ceux qui aiment les saveurs contrast\u00e9es,\u2026","_links":{"self":[{"href":"https:\/\/latelierkhadypastry.fr\/fr_fr\/wp-json\/wp\/v2\/product\/87","targetHints":{"allow":["GET"]}}],"collection":[{"href":"https:\/\/latelierkhadypastry.fr\/fr_fr\/wp-json\/wp\/v2\/product"}],"about":[{"href":"https:\/\/latelierkhadypastry.fr\/fr_fr\/wp-json\/wp\/v2\/types\/product"}],"version-history":[{"count":3,"href":"https:\/\/latelierkhadypastry.fr\/fr_fr\/wp-json\/wp\/v2\/product\/87\/revisions"}],"predecessor-version":[{"id":4133,"href":"https:\/\/latelierkhadypastry.fr\/fr_fr\/wp-json\/wp\/v2\/product\/87\/revisions\/4133"}],"wp:featuredmedia":[{"embeddable":true,"href":"https:\/\/latelierkhadypastry.fr\/fr_fr\/wp-json\/wp\/v2\/media\/1759"}],"wp:attachment":[{"href":"https:\/\/latelierkhadypastry.fr\/fr_fr\/wp-json\/wp\/v2\/media?parent=87"}],"wp:term":[{"taxonomy":"product_brand","embeddable":true,"href":"https:\/\/latelierkhadypastry.fr\/fr_fr\/wp-json\/wp\/v2\/product_brand?post=87"},{"taxonomy":"product_cat","embeddable":true,"href":"https:\/\/latelierkhadypastry.fr\/fr_fr\/wp-json\/wp\/v2\/product_cat?post=87"},{"taxonomy":"product_tag","embeddable":true,"href":"https:\/\/latelierkhadypastry.fr\/fr_fr\/wp-json\/wp\/v2\/product_tag?post=87"}],"curies":[{"name":"wp","href":"https:\/\/api.w.org\/{rel}","templated":true}]}}