{"id":91,"date":"2025-06-12T08:34:08","date_gmt":"2025-06-12T08:34:08","guid":{"rendered":"https:\/\/latelierkhadypastry.fr\/produit\/ceramic-blue-vase\/"},"modified":"2026-03-25T11:47:16","modified_gmt":"2026-03-25T11:47:16","slug":"cookies-chocolat-mms","status":"publish","type":"product","link":"https:\/\/latelierkhadypastry.fr\/fr_fr\/produit\/cookies-chocolat-mms\/","title":{"rendered":"Cookies chocolat M&#038;M&rsquo;s"},"content":{"rendered":"<p>Un cookie joyeux, o\u00f9 les classiques M&amp;M\u2019s rencontrent le chocolat le plus fondant. Ce biscuit g\u00e9n\u00e9reux de 80 g est une explosion de couleurs et de saveurs : chaque bouch\u00e9e associe le croquant des M&amp;M\u2019s color\u00e9s, la douceur du chocolat au lait et une p\u00e2te moelleuse pr\u00e9par\u00e9e avec soin. Chaque cookie est un petit festival gourmand, confectionn\u00e9 dans mon atelier \u00e0 Paris avec des ingr\u00e9dients premium. Parfait pour les enfants, pour un go\u00fbter color\u00e9, ou juste pour un moment de pur plaisir, ces cookies M&amp;M\u2019s sont une invitation \u00e0 croquer la vie, avec chaque bouch\u00e9e p\u00e9tillante de gourmandise.<\/p>\n","protected":false},"excerpt":{"rendered":"<p>D\u00e9couvrez nos irr\u00e9sistibles cookies M&amp;M\u2019s au chocolat, un vrai r\u00e9gal pour les gourmands ! Ces cookies faits maison sont pr\u00e9par\u00e9s avec soin et un m\u00e9lange parfait d&rsquo;ingr\u00e9dients de qualit\u00e9 pour un go\u00fbt authentique et une texture fondante.<\/p>\n<p>Chaque bouch\u00e9e est un m\u00e9lange de chocolat fondant et de M&amp;M\u2019s croquants, pour une exp\u00e9rience gustative unique. Id\u00e9als pour une pause sucr\u00e9e ou \u00e0 offrir, nos cookies M&amp;M\u2019s chocolat feront le bonheur de toute la famille !<\/p>\n<p><strong>Nos engagements :<\/strong><\/p>\n<p><strong>\u2022 Qualit\u00e9 artisanale<\/strong>\u00a0: Pr\u00e9par\u00e9s \u00e0 la main avec des ingr\u00e9dients soigneusement s\u00e9lectionn\u00e9s.<\/p>\n<p><strong>\u2022 Frais et d\u00e9licieux<\/strong>\u00a0: Des cookies fra\u00eechement cuits, livr\u00e9s directement chez vous.<\/p>\n<p><strong>\u2022 Parfait pour toutes les occasions<\/strong>\u00a0: Que ce soit pour un go\u00fbter ou un cadeau gourmand, nos cookies s\u2019adaptent \u00e0 toutes les envies.<\/p>\n<p>Offrez-vous une douceur irr\u00e9sistible en commandant nos cookies M&amp;M\u2019s chocolat d\u00e8s maintenant !<\/p>\n","protected":false},"featured_media":3622,"template":"","meta":{"_uag_custom_page_level_css":"","site-sidebar-layout":"default","site-content-layout":"default","ast-site-content-layout":"default","site-content-style":"default","site-sidebar-style":"default","ast-global-header-display":"","ast-banner-title-visibility":"","ast-main-header-display":"","ast-hfb-above-header-display":"","ast-hfb-below-header-display":"","ast-hfb-mobile-header-display":"","site-post-title":"","ast-breadcrumbs-content":"","ast-featured-img":"","footer-sml-layout":"","theme-transparent-header-meta":"default","adv-header-id-meta":"","stick-header-meta":"","header-above-stick-meta":"","header-main-stick-meta":"","header-below-stick-meta":"","astra-migrate-meta-layouts":"set","ast-page-background-enabled":"default","ast-page-background-meta":{"desktop":{"background-color":"var(--ast-global-color-4)","background-image":"","background-repeat":"repeat","background-position":"center center","background-size":"auto","background-attachment":"scroll","background-type":"","background-media":"","overlay-type":"","overlay-color":"","overlay-opacity":"","overlay-gradient":""},"tablet":{"background-color":"","background-image":"","background-repeat":"repeat","background-position":"center center","background-size":"auto","background-attachment":"scroll","background-type":"","background-media":"","overlay-type":"","overlay-color":"","overlay-opacity":"","overlay-gradient":""},"mobile":{"background-color":"","background-image":"","background-repeat":"repeat","background-position":"center center","background-size":"auto","background-attachment":"scroll","background-type":"","background-media":"","overlay-type":"","overlay-color":"","overlay-opacity":"","overlay-gradient":""}},"ast-content-background-meta":{"desktop":{"background-color":"var(--ast-global-color-5)","background-image":"","background-repeat":"repeat","background-position":"center center","background-size":"auto","background-attachment":"scroll","background-type":"","background-media":"","overlay-type":"","overlay-color":"","overlay-opacity":"","overlay-gradient":""},"tablet":{"background-color":"var(--ast-global-color-5)","background-image":"","background-repeat":"repeat","background-position":"center center","background-size":"auto","background-attachment":"scroll","background-type":"","background-media":"","overlay-type":"","overlay-color":"","overlay-opacity":"","overlay-gradient":""},"mobile":{"background-color":"var(--ast-global-color-5)","background-image":"","background-repeat":"repeat","background-position":"center center","background-size":"auto","background-attachment":"scroll","background-type":"","background-media":"","overlay-type":"","overlay-color":"","overlay-opacity":"","overlay-gradient":""}}},"product_brand":[],"product_cat":[17,16],"product_tag":[],"class_list":{"0":"post-91","1":"product","2":"type-product","3":"status-publish","4":"has-post-thumbnail","6":"product_cat-cookies-a-lunite","7":"product_cat-tous-nos-produits","8":"desktop-align-center","9":"tablet-align-left","10":"mobile-align-left","12":"first","13":"instock","14":"shipping-taxable","15":"purchasable","16":"product-type-variable","17":"wpzoom-wc-spi-has-enabled"},"uagb_featured_image_src":{"full":["https:\/\/latelierkhadypastry.fr\/wp-content\/uploads\/2025\/07\/Radija_Patisserie_RaveFrancois_Insta-19-copie.webp",600,600,false],"thumbnail":["https:\/\/latelierkhadypastry.fr\/wp-content\/uploads\/2025\/07\/Radija_Patisserie_RaveFrancois_Insta-19-copie-150x150.webp",150,150,true],"medium":["https:\/\/latelierkhadypastry.fr\/wp-content\/uploads\/2025\/07\/Radija_Patisserie_RaveFrancois_Insta-19-copie-300x300.webp",300,300,true],"medium_large":["https:\/\/latelierkhadypastry.fr\/wp-content\/uploads\/2025\/07\/Radija_Patisserie_RaveFrancois_Insta-19-copie.webp",600,600,false],"large":["https:\/\/latelierkhadypastry.fr\/wp-content\/uploads\/2025\/07\/Radija_Patisserie_RaveFrancois_Insta-19-copie.webp",600,600,false],"1536x1536":["https:\/\/latelierkhadypastry.fr\/wp-content\/uploads\/2025\/07\/Radija_Patisserie_RaveFrancois_Insta-19-copie.webp",600,600,false],"2048x2048":["https:\/\/latelierkhadypastry.fr\/wp-content\/uploads\/2025\/07\/Radija_Patisserie_RaveFrancois_Insta-19-copie.webp",600,600,false],"trp-custom-language-flag":["https:\/\/latelierkhadypastry.fr\/wp-content\/uploads\/2025\/07\/Radija_Patisserie_RaveFrancois_Insta-19-copie-12x12.webp",12,12,true],"depicter-thumbnail":["https:\/\/latelierkhadypastry.fr\/wp-content\/uploads\/2025\/07\/Radija_Patisserie_RaveFrancois_Insta-19-copie-200x200.webp",200,200,true],"woocommerce_thumbnail":["https:\/\/latelierkhadypastry.fr\/wp-content\/uploads\/2025\/07\/Radija_Patisserie_RaveFrancois_Insta-19-copie-300x300.webp",300,300,true],"woocommerce_single":["https:\/\/latelierkhadypastry.fr\/wp-content\/uploads\/2025\/07\/Radija_Patisserie_RaveFrancois_Insta-19-copie.webp",600,600,false],"woocommerce_gallery_thumbnail":["https:\/\/latelierkhadypastry.fr\/wp-content\/uploads\/2025\/07\/Radija_Patisserie_RaveFrancois_Insta-19-copie-100x100.webp",100,100,true]},"uagb_author_info":{"display_name":"khadypastry@gmail.com","author_link":"https:\/\/latelierkhadypastry.fr\/fr_fr\/author\/"},"uagb_comment_info":0,"uagb_excerpt":"D\u00e9couvrez nos irr\u00e9sistibles cookies M&amp;M\u2019s au chocolat, un vrai r\u00e9gal pour les gourmands ! Ces cookies faits maison sont pr\u00e9par\u00e9s avec soin et un m\u00e9lange parfait d'ingr\u00e9dients de qualit\u00e9 pour un go\u00fbt authentique et une texture fondante. Chaque bouch\u00e9e est un m\u00e9lange de chocolat fondant et de M&amp;M\u2019s croquants, pour une exp\u00e9rience gustative unique. Id\u00e9als\u2026","_links":{"self":[{"href":"https:\/\/latelierkhadypastry.fr\/fr_fr\/wp-json\/wp\/v2\/product\/91","targetHints":{"allow":["GET"]}}],"collection":[{"href":"https:\/\/latelierkhadypastry.fr\/fr_fr\/wp-json\/wp\/v2\/product"}],"about":[{"href":"https:\/\/latelierkhadypastry.fr\/fr_fr\/wp-json\/wp\/v2\/types\/product"}],"version-history":[{"count":6,"href":"https:\/\/latelierkhadypastry.fr\/fr_fr\/wp-json\/wp\/v2\/product\/91\/revisions"}],"predecessor-version":[{"id":4140,"href":"https:\/\/latelierkhadypastry.fr\/fr_fr\/wp-json\/wp\/v2\/product\/91\/revisions\/4140"}],"wp:featuredmedia":[{"embeddable":true,"href":"https:\/\/latelierkhadypastry.fr\/fr_fr\/wp-json\/wp\/v2\/media\/3622"}],"wp:attachment":[{"href":"https:\/\/latelierkhadypastry.fr\/fr_fr\/wp-json\/wp\/v2\/media?parent=91"}],"wp:term":[{"taxonomy":"product_brand","embeddable":true,"href":"https:\/\/latelierkhadypastry.fr\/fr_fr\/wp-json\/wp\/v2\/product_brand?post=91"},{"taxonomy":"product_cat","embeddable":true,"href":"https:\/\/latelierkhadypastry.fr\/fr_fr\/wp-json\/wp\/v2\/product_cat?post=91"},{"taxonomy":"product_tag","embeddable":true,"href":"https:\/\/latelierkhadypastry.fr\/fr_fr\/wp-json\/wp\/v2\/product_tag?post=91"}],"curies":[{"name":"wp","href":"https:\/\/api.w.org\/{rel}","templated":true}]}}